{"id":135,"date":"2017-02-03T18:15:05","date_gmt":"2017-02-03T18:15:05","guid":{"rendered":"https:\/\/granada.fesofiabarat.es\/?page_id=135"},"modified":"2024-01-27T16:36:21","modified_gmt":"2024-01-27T16:36:21","slug":"oferta-educativa-primaria","status":"publish","type":"page","link":"https:\/\/granada.fesofiabarat.es\/?page_id=135","title":{"rendered":"Oferta Educativa Primaria"},"content":{"rendered":"<h1>Etapa\u00a0 de\u00a0 Primaria<\/h1>\n<hr>\n<p><img decoding=\"async\" src=\"\/wp-content\/uploads\/2023\/12\/La-carta-1.jpg\" alt=\"\"><\/p>\n<h2>Alumnado Competente<\/h2>\n<div>\n<p><span style=\"font-weight: 400;\">En consonancia con el aprendizaje por competencias, en nuestro centro se est\u00e1 desarrollando un trabajo basado en tareas que nos llevan m\u00e1s all\u00e1 del m\u00e9todo o estudio de elementos\u00a0 aislados sin conexi\u00f3n entre si. El Dise\u00f1o Universal del Aprendizaje nos permite planificar las tareas de forma integradora, sin barreras, donde cada alumno da lo mejor de s\u00ed mismo.\u00a0 En definitiva, se trata de poner en funcionamiento esas capacidades de nuestro alumnado para desarrollar sus habilidades focaliz\u00e1ndolos hacia la realizaci\u00f3n de algo concreto y valioso.<\/span><\/p>\n<\/div>\n<h2>Trabajo Cooperativo y ABP<\/h2>\n<div>\n<p><span style=\"font-weight: 400;\">Aquello\u00a0 que aprendemos lo aprendemos entre todos y todas. La propuesta de <\/span><b>trabajo cooperativo y el Aprendizaje Basado en Proyectos <\/b><span style=\"font-weight: 400;\">nace de la convicci\u00f3n de que juntos no solo somos m\u00e1s, sino mejores. La cooperaci\u00f3n favorece que cada persona aporte lo mejor de s\u00ed misma a un prop\u00f3sito com\u00fan y que adem\u00e1s pueda crecer en todos los sentidos con sus iguales. Trabajar en cooperaci\u00f3n supone asumir que s\u00f3lo conseguimos resultados mayores cuando cada uno aporta lo mejor de s\u00ed mismo al trabajo grupal teniendo en cuenta al resto de compa\u00f1eros.<\/span><\/p>\n<\/div>\n<p><img decoding=\"async\" src=\"\/wp-content\/uploads\/2023\/12\/Mariposas.jpg\" alt=\"\"><\/p>\n<hr>\n<p><img decoding=\"async\" src=\"\/wp-content\/uploads\/2023\/11\/PHOTO-2023-09-27-17-56-32.jpg\" alt=\"\"><\/p>\n<h2>Plan de fomento de la la lectura<\/h2>\n<div>\n<p><span style=\"font-weight: 400;\">Transmitimos <\/span><b>el amor a la lectura<\/b><span style=\"font-weight: 400;\"> leyendo. Somos los referentes de nuestros ni\u00f1os y ni\u00f1as a la hora de acercarse y permanecer en la lectura, as\u00ed que les leemos todas las ma\u00f1anas y planificamos tiempos y espacios para viajar con ellos y ellas a ese mundo de fantas\u00eda donde todo es posible. Inculcamos el gusto por la lectura para disfrutar y aprender de ella.<\/span><\/p>\n<\/div>\n<hr>\n<h1>TICs<\/h1>\n<div>\n<p>Tecnolog\u00edas de la Informaci\u00f3n y Comunicaci\u00f3n. Usamos\u00a0 herramientas digitales como apoyo a un aprendizaje competencial\u00a0 \u00a0que facilitan la emisi\u00f3n, el acceso y el tratamiento de la informaci\u00f3n de manera innovadora. Adem\u00e1s, contribuyen al desarrolllo del pensamiento computacional.<\/p>\n<\/div>\n<p><img decoding=\"async\" src=\"\/wp-content\/uploads\/2023\/12\/Investigacion-Sala-Informatica.jpg\" alt=\"\"><br \/>\n<img decoding=\"async\" src=\"\/wp-content\/uploads\/2023\/12\/Captura-de-pantalla-2023-12-13-a-las-22.31.31.png\" alt=\"\"><\/p>\n<hr>\n<h1>Lenguas y comunicaci\u00f3n<\/h1>\n<div>\n<p>Fomento de las lenguas extranjeras Ingl\u00e9s y Alem\u00e1n. Contamos con una auxiliar de conversaci\u00f3n en el \u00e1rea de Ingl\u00e9s, realizamos una inmersi\u00f3n ling\u00fc\u00edstica de tres d\u00edas y se llevan a cabo actividades complementarias que favorecen el aprendizaje.<\/p>\n<\/div>\n<hr>\n<h1>Atenci\u00f3n a la diversidad<\/h1>\n<div>\n<p>El Departamento de Orientaci\u00f3n asesora y colabora para que cada alumno se sienta atendido, participando con el profesorado y sus familias. Adem\u00e1s, interviene directamente, a trav\u00e9s de las maestras especialistas, en atenci\u00f3n del alumnado con necesidades espec\u00edficas de apoyo educativo.<\/p>\n<\/div>\n<p><img decoding=\"async\" src=\"\/wp-content\/uploads\/2023\/11\/Captura-de-pantalla-2023-11-05-a-las-11.01.08.png\" alt=\"\"><\/p>\n<p><!--more--><br \/>\n<!-- {\"type\":\"layout\",\"children\":[{\"name\":\"Hero\",\"type\":\"section\",\"props\":{\"image_position\":\"center-center\",\"padding\":\"xlarge\",\"padding_remove_bottom\":false,\"style\":\"default\",\"title_breakpoint\":\"xl\",\"title_position\":\"top-left\",\"title_rotation\":\"left\",\"vertical_align\":\"\",\"width\":\"xlarge\"},\"children\":[{\"type\":\"row\",\"children\":[{\"type\":\"column\",\"props\":{\"image_position\":\"center-center\",\"position_sticky_breakpoint\":\"m\",\"width_medium\":\"1-1\"},\"children\":[{\"type\":\"headline\",\"props\":{\"animation\":\"parallax\",\"content\":\"Etapa\\u00a0 de\\u00a0 Primaria\",\"parallax_breakpoint\":\"m\",\"parallax_easing\":\"1\",\"parallax_y\":\"0,-75\",\"text_align\":\"center\",\"title_color\":\"secondary\",\"title_element\":\"h1\",\"title_style\":\"heading-small\"}}]}]},{\"type\":\"row\",\"children\":[{\"type\":\"column\",\"props\":{\"image_position\":\"center-center\",\"position_sticky_breakpoint\":\"m\"},\"children\":[{\"type\":\"divider\",\"props\":{\"divider_element\":\"hr\",\"margin\":\"small\",\"margin_remove_bottom\":false}}]}]}]},{\"type\":\"section\",\"props\":{\"image_height\":\"1300\",\"image_position\":\"center-center\",\"image_width\":\"1300\",\"padding\":\"large\",\"padding_remove_bottom\":true,\"padding_remove_top\":false,\"style\":\"default\",\"title_breakpoint\":\"xl\",\"title_position\":\"top-left\",\"title_rotation\":\"left\",\"vertical_align\":\"middle\",\"width\":\"large\",\"width_expand\":\"left\"},\"children\":[{\"type\":\"row\",\"props\":{\"column_gap\":\"large\",\"layout\":\"2-3,1-3\",\"row_gap\":\"large\"},\"children\":[{\"type\":\"column\",\"props\":{\"image_position\":\"center-center\",\"position_sticky_breakpoint\":\"m\",\"vertical_align\":\"middle\",\"width_large\":\"2-3\"},\"children\":[{\"type\":\"image\",\"props\":{\"image\":\"wp-content\\\/uploads\\\/2023\\\/12\\\/La-carta-1.jpg\",\"image_height\":\"800\",\"image_svg_color\":\"emphasis\",\"margin\":\"default\",\"margin_remove_top\":true,\"position\":\"relative\",\"position_top\":\"-150\"}}]},{\"type\":\"column\",\"props\":{\"image_position\":\"center-center\",\"position_sticky_breakpoint\":\"m\",\"vertical_align\":\"middle\",\"width_large\":\"1-3\"},\"children\":[{\"type\":\"divider\",\"props\":{\"animation\":\"none\",\"divider_align\":\"left\",\"divider_align_breakpoint\":\"l\",\"divider_align_fallback\":\"center\",\"divider_element\":\"div\",\"divider_style\":\"small\",\"parallax_x\":\"150,0\",\"position\":\"relative\",\"position_top\":\"-170\"}},{\"type\":\"headline\",\"props\":{\"animation\":\"parallax\",\"content\":\"Alumnado Competente\",\"margin_remove_top\":true,\"parallax_breakpoint\":\"m\",\"parallax_easing\":\"1\",\"parallax_end\":\"60vh + 60%\",\"parallax_opacity\":\"0.3,1\",\"parallax_y\":\"30,0\",\"position\":\"relative\",\"position_top\":\"-190\",\"text_align\":\"left\",\"text_align_breakpoint\":\"m\",\"text_align_fallback\":\"center\",\"title_color\":\"danger\",\"title_element\":\"h2\",\"title_style\":\"h2\"}},{\"type\":\"text\",\"props\":{\"column_breakpoint\":\"m\",\"content\":\"\n\n<p><span style=\\\"font-weight: 400;\\\">En consonancia con el aprendizaje por competencias, en nuestro centro se est\\u00e1 desarrollando un trabajo basado en tareas que nos llevan m\\u00e1s all\\u00e1 del m\\u00e9todo o estudio de elementos\\u00a0 aislados sin conexi\\u00f3n entre si. El Dise\\u00f1o Universal del Aprendizaje nos permite planificar las tareas de forma integradora, sin barreras, donde cada alumno da lo mejor de s\\u00ed mismo.\\u00a0 En definitiva, se trata de poner en funcionamiento esas capacidades de nuestro alumnado para desarrollar sus habilidades focaliz\\u00e1ndolos hacia la realizaci\\u00f3n de algo concreto y valioso.<\\\/span><\\\/p>\",\"margin\":\"default\",\"position\":\"relative\",\"position_top\":\"-210\",\"text_color\":\"secondary\",\"text_style\":\"large\"}}]}]}],\"name\":\"Portfolio 03\"},{\"type\":\"section\",\"props\":{\"image_position\":\"center-center\",\"padding\":\"large\",\"padding_remove_bottom\":true,\"padding_remove_top\":false,\"style\":\"default\",\"title_breakpoint\":\"xl\",\"title_position\":\"top-left\",\"title_rotation\":\"left\",\"vertical_align\":\"middle\",\"width\":\"large\",\"width_expand\":\"right\"},\"children\":[{\"type\":\"row\",\"props\":{\"column_gap\":\"large\",\"layout\":\"1-3,2-3\",\"row_gap\":\"large\"},\"children\":[{\"type\":\"column\",\"props\":{\"image_position\":\"center-center\",\"order_first\":\"l\",\"position_sticky_breakpoint\":\"m\",\"vertical_align\":\"middle\",\"width_large\":\"1-3\"},\"children\":[{\"type\":\"divider\",\"props\":{\"animation\":\"none\",\"divider_align\":\"left\",\"divider_align_breakpoint\":\"l\",\"divider_align_fallback\":\"center\",\"divider_element\":\"div\",\"divider_style\":\"small\",\"parallax_x\":\"150,0\",\"position\":\"relative\",\"position_top\":\"-200\"}},{\"type\":\"headline\",\"props\":{\"animation\":\"parallax\",\"content\":\"Trabajo Cooperativo y ABP\",\"margin_remove_top\":true,\"parallax_breakpoint\":\"m\",\"parallax_easing\":\"1\",\"parallax_end\":\"60vh + 60%\",\"parallax_opacity\":\"0.3,1\",\"parallax_y\":\"30,0\",\"position\":\"relative\",\"position_top\":\"-220\",\"text_align\":\"left\",\"text_align_breakpoint\":\"l\",\"text_align_fallback\":\"center\",\"title_color\":\"danger\",\"title_element\":\"h2\",\"title_style\":\"h2\"}},{\"type\":\"text\",\"props\":{\"animation\":\"none\",\"block_align_breakpoint\":\"l\",\"block_align_fallback\":\"center\",\"column_breakpoint\":\"m\",\"content\":\"\n\n<p><span style=\\\"font-weight: 400;\\\">Aquello\\u00a0 que aprendemos lo aprendemos entre todos y todas. La propuesta de <\\\/span><b>trabajo cooperativo y el Aprendizaje Basado en Proyectos <\\\/b><span style=\\\"font-weight: 400;\\\">nace de la convicci\\u00f3n de que juntos no solo somos m\\u00e1s, sino mejores. La cooperaci\\u00f3n favorece que cada persona aporte lo mejor de s\\u00ed misma a un prop\\u00f3sito com\\u00fan y que adem\\u00e1s pueda crecer en todos los sentidos con sus iguales. Trabajar en cooperaci\\u00f3n supone asumir que s\\u00f3lo conseguimos resultados mayores cuando cada uno aporta lo mejor de s\\u00ed mismo al trabajo grupal teniendo en cuenta al resto de compa\\u00f1eros.<\\\/span><\\\/p>\",\"margin\":\"medium\",\"margin_remove_top\":false,\"maxwidth\":\"xlarge\",\"maxwidth_breakpoint\":\"m\",\"parallax_breakpoint\":\"m\",\"parallax_easing\":\"0.3\",\"parallax_end\":\"50vh + 50%\",\"parallax_opacity\":\"0.7,1\",\"parallax_x\":\"-150,0\",\"position\":\"relative\",\"position_top\":\"-230\",\"text_align\":\"left\",\"text_align_breakpoint\":\"l\",\"text_align_fallback\":\"center\",\"text_style\":\"large\"}}]},{\"type\":\"column\",\"props\":{\"image_position\":\"center-center\",\"order_first\":\"xs\",\"position_sticky_breakpoint\":\"m\",\"vertical_align\":\"middle\",\"width_large\":\"2-3\"},\"children\":[{\"type\":\"image\",\"props\":{\"animation\":\"none\",\"container_padding_remove\":true,\"image\":\"wp-content\\\/uploads\\\/2023\\\/12\\\/Mariposas.jpg\",\"image_height\":\"800\",\"image_svg_color\":\"emphasis\",\"image_width\":\"1300\",\"margin\":\"\",\"parallax_easing\":\"0.3\",\"parallax_end\":\"20vh + 20%\",\"parallax_x\":\"-50,0\",\"position\":\"relative\",\"position_top\":\"-220\"}}]}]},{\"type\":\"row\",\"children\":[{\"type\":\"column\",\"props\":{\"image_position\":\"center-center\",\"position_sticky_breakpoint\":\"m\"},\"children\":[{\"type\":\"divider\",\"props\":{\"divider_element\":\"hr\",\"position\":\"relative\",\"position_top\":\"-210\"}}]}]}],\"name\":\"Portfolio 04\"},{\"type\":\"section\",\"props\":{\"image_position\":\"center-center\",\"padding\":\"large\",\"padding_remove_bottom\":true,\"padding_remove_top\":false,\"style\":\"default\",\"title_breakpoint\":\"xl\",\"title_position\":\"top-left\",\"title_rotation\":\"left\",\"vertical_align\":\"middle\",\"width\":\"large\",\"width_expand\":\"left\"},\"children\":[{\"type\":\"row\",\"props\":{\"column_gap\":\"large\",\"layout\":\"2-3,1-3\",\"row_gap\":\"large\"},\"children\":[{\"type\":\"column\",\"props\":{\"image_position\":\"center-center\",\"position_sticky_breakpoint\":\"m\",\"vertical_align\":\"middle\",\"width_large\":\"2-3\"},\"children\":[{\"type\":\"image\",\"props\":{\"image\":\"wp-content\\\/uploads\\\/2023\\\/11\\\/PHOTO-2023-09-27-17-56-32.jpg\",\"image_height\":\"800\",\"image_svg_color\":\"emphasis\",\"image_width\":\"1300\",\"margin\":\"default\",\"position\":\"relative\",\"position_top\":\"-260\"}}]},{\"type\":\"column\",\"props\":{\"image_position\":\"center-center\",\"position_sticky_breakpoint\":\"m\",\"vertical_align\":\"middle\",\"width_large\":\"1-3\"},\"children\":[{\"type\":\"divider\",\"props\":{\"animation\":\"none\",\"divider_align\":\"left\",\"divider_align_breakpoint\":\"l\",\"divider_align_fallback\":\"center\",\"divider_element\":\"div\",\"divider_style\":\"small\",\"parallax_x\":\"150,0\",\"position\":\"relative\",\"position_top\":\"-240\"}},{\"type\":\"headline\",\"props\":{\"animation\":\"parallax\",\"content\":\"Plan de fomento de la la lectura\",\"margin_remove_top\":true,\"parallax_breakpoint\":\"m\",\"parallax_easing\":\"1\",\"parallax_end\":\"60vh + 60%\",\"parallax_opacity\":\"0.3,1\",\"parallax_y\":\"30,0\",\"position\":\"relative\",\"position_top\":\"-220\",\"text_align\":\"left\",\"text_align_breakpoint\":\"l\",\"text_align_fallback\":\"center\",\"title_color\":\"danger\",\"title_element\":\"h2\",\"title_style\":\"heading-small\"}},{\"type\":\"text\",\"props\":{\"column_breakpoint\":\"m\",\"content\":\"\n\n<p><span style=\\\"font-weight: 400;\\\">Transmitimos <\\\/span><b>el amor a la lectura<\\\/b><span style=\\\"font-weight: 400;\\\"> leyendo. Somos los referentes de nuestros ni\\u00f1os y ni\\u00f1as a la hora de acercarse y permanecer en la lectura, as\\u00ed que les leemos todas las ma\\u00f1anas y planificamos tiempos y espacios para viajar con ellos y ellas a ese mundo de fantas\\u00eda donde todo es posible. Inculcamos el gusto por la lectura para disfrutar y aprender de ella.<\\\/span><\\\/p>\",\"margin\":\"default\",\"position\":\"relative\",\"position_top\":\"-220\",\"text_style\":\"large\"}}]}]},{\"type\":\"row\",\"children\":[{\"type\":\"column\",\"props\":{\"image_position\":\"center-center\",\"position_sticky_breakpoint\":\"m\"}}]}],\"name\":\"Portfolio 03\"},{\"type\":\"section\",\"props\":{\"image_position\":\"center-center\",\"style\":\"default\",\"title_breakpoint\":\"xl\",\"title_position\":\"top-left\",\"title_rotation\":\"left\",\"vertical_align\":\"middle\",\"width\":\"default\"},\"children\":[{\"type\":\"row\",\"props\":{\"layout\":\"1-3,2-3\"},\"children\":[{\"type\":\"column\",\"props\":{\"image_position\":\"center-center\",\"position_sticky_breakpoint\":\"m\",\"width_medium\":\"1-3\"},\"children\":[{\"type\":\"divider\",\"props\":{\"divider_element\":\"hr\",\"position\":\"relative\",\"position_top\":\"-210\"}},{\"type\":\"headline\",\"props\":{\"content\":\"TICs\",\"position\":\"relative\",\"position_top\":\"-230\",\"text_align\":\"center\",\"text_align_breakpoint\":\"l\",\"text_align_fallback\":\"center\",\"title_color\":\"danger\",\"title_element\":\"h1\",\"title_style\":\"heading-small\"}},{\"type\":\"text\",\"props\":{\"column_breakpoint\":\"m\",\"content\":\"\n\n<p>Tecnolog\\u00edas de la Informaci\\u00f3n y Comunicaci\\u00f3n. Usamos\\u00a0 herramientas digitales como apoyo a un aprendizaje competencial\\u00a0 \\u00a0que facilitan la emisi\\u00f3n, el acceso y el tratamiento de la informaci\\u00f3n de manera innovadora. Adem\\u00e1s, contribuyen al desarrolllo del pensamiento computacional.<\\\/p>\",\"margin\":\"default\",\"position\":\"relative\",\"position_top\":\"-220\",\"text_style\":\"large\"}}]},{\"type\":\"column\",\"props\":{\"image_position\":\"center-center\",\"position_sticky_breakpoint\":\"m\",\"width_medium\":\"2-3\"},\"children\":[{\"type\":\"image\",\"props\":{\"image\":\"wp-content\\\/uploads\\\/2023\\\/12\\\/Investigacion-Sala-Informatica.jpg\",\"image_svg_color\":\"emphasis\",\"margin\":\"default\",\"position\":\"relative\",\"position_top\":\"-220\"}}]}]}]},{\"type\":\"section\",\"props\":{\"image_position\":\"center-center\",\"style\":\"default\",\"title_breakpoint\":\"xl\",\"title_position\":\"top-left\",\"title_rotation\":\"left\",\"vertical_align\":\"middle\",\"width\":\"default\"},\"children\":[{\"type\":\"row\",\"props\":{\"layout\":\"2-3,1-3\"},\"children\":[{\"type\":\"column\",\"props\":{\"image_position\":\"center-center\",\"position_sticky_breakpoint\":\"m\",\"width_medium\":\"2-3\"},\"children\":[{\"type\":\"image\",\"props\":{\"image\":\"wp-content\\\/uploads\\\/2023\\\/12\\\/Captura-de-pantalla-2023-12-13-a-las-22.31.31.png\",\"image_svg_color\":\"emphasis\",\"margin\":\"default\",\"position\":\"relative\",\"position_top\":\"-220\"}}]},{\"type\":\"column\",\"props\":{\"image_position\":\"center-center\",\"position_sticky_breakpoint\":\"m\",\"width_medium\":\"1-3\"},\"children\":[{\"type\":\"divider\",\"props\":{\"divider_element\":\"hr\",\"position\":\"absolute\",\"position_top\":\"-220\"}},{\"type\":\"headline\",\"props\":{\"content\":\"Lenguas y comunicaci\\u00f3n\",\"position\":\"relative\",\"position_top\":\"-220\",\"text_align\":\"center\",\"text_align_breakpoint\":\"l\",\"title_color\":\"danger\",\"title_element\":\"h1\",\"title_style\":\"heading-small\"}},{\"type\":\"text\",\"props\":{\"column_breakpoint\":\"m\",\"content\":\"\n\n<p>Fomento de las lenguas extranjeras Ingl\\u00e9s y Alem\\u00e1n. Contamos con una auxiliar de conversaci\\u00f3n en el \\u00e1rea de Ingl\\u00e9s, realizamos una inmersi\\u00f3n ling\\u00fc\\u00edstica de tres d\\u00edas y se llevan a cabo actividades complementarias que favorecen el aprendizaje.<\\\/p>\",\"margin\":\"default\",\"position\":\"relative\",\"position_top\":\"-220\",\"text_style\":\"large\"}}]}]},{\"type\":\"row\",\"props\":{\"layout\":\"1-3,2-3\"},\"children\":[{\"type\":\"column\",\"props\":{\"image_position\":\"center-center\",\"position_sticky_breakpoint\":\"m\",\"width_medium\":\"1-3\"},\"children\":[{\"type\":\"divider\",\"props\":{\"divider_element\":\"hr\"}},{\"type\":\"headline\",\"props\":{\"content\":\"Atenci\\u00f3n a la diversidad\",\"title_color\":\"danger\",\"title_element\":\"h1\",\"title_style\":\"heading-small\"}},{\"type\":\"text\",\"props\":{\"column_breakpoint\":\"m\",\"content\":\"\n\n<p>El Departamento de Orientaci\\u00f3n asesora y colabora para que cada alumno se sienta atendido, participando con el profesorado y sus familias. Adem\\u00e1s, interviene directamente, a trav\\u00e9s de las maestras especialistas, en atenci\\u00f3n del alumnado con necesidades espec\\u00edficas de apoyo educativo.<\\\/p>\",\"margin\":\"default\",\"text_style\":\"large\"}}]},{\"type\":\"column\",\"props\":{\"image_position\":\"center-center\",\"position_sticky_breakpoint\":\"m\",\"width_medium\":\"2-3\"},\"children\":[{\"type\":\"image\",\"props\":{\"image\":\"wp-content\\\/uploads\\\/2023\\\/11\\\/Captura-de-pantalla-2023-11-05-a-las-11.01.08.png\",\"image_svg_color\":\"emphasis\",\"margin\":\"default\"}}]}]}]}],\"version\":\"4.2.11\"} --><\/p>\n","protected":false},"excerpt":{"rendered":"<p>Etapa\u00a0 de\u00a0 Primaria Alumnado Competente En consonancia con el aprendizaje por competencias, en nuestro centro se est\u00e1 desarrollando un trabajo basado en tareas que nos llevan m\u00e1s all\u00e1 del m\u00e9todo o estudio de elementos\u00a0 aislados sin conexi\u00f3n entre si. El Dise\u00f1o Universal del Aprendizaje nos permite planificar las tareas de forma integradora, sin barreras, donde [&hellip;]<\/p>\n","protected":false},"author":1,"featured_media":0,"parent":0,"menu_order":7,"comment_status":"closed","ping_status":"closed","template":"","meta":{"_seopress_robots_primary_cat":"","_seopress_titles_title":"","_seopress_titles_desc":"","_seopress_robots_index":"","footnotes":""},"class_list":["post-135","page","type-page","status-publish","hentry"],"_links":{"self":[{"href":"https:\/\/granada.fesofiabarat.es\/index.php?rest_route=\/wp\/v2\/pages\/135","targetHints":{"allow":["GET"]}}],"collection":[{"href":"https:\/\/granada.fesofiabarat.es\/index.php?rest_route=\/wp\/v2\/pages"}],"about":[{"href":"https:\/\/granada.fesofiabarat.es\/index.php?rest_route=\/wp\/v2\/types\/page"}],"author":[{"embeddable":true,"href":"https:\/\/granada.fesofiabarat.es\/index.php?rest_route=\/wp\/v2\/users\/1"}],"replies":[{"embeddable":true,"href":"https:\/\/granada.fesofiabarat.es\/index.php?rest_route=%2Fwp%2Fv2%2Fcomments&post=135"}],"version-history":[{"count":100,"href":"https:\/\/granada.fesofiabarat.es\/index.php?rest_route=\/wp\/v2\/pages\/135\/revisions"}],"predecessor-version":[{"id":6248,"href":"https:\/\/granada.fesofiabarat.es\/index.php?rest_route=\/wp\/v2\/pages\/135\/revisions\/6248"}],"wp:attachment":[{"href":"https:\/\/granada.fesofiabarat.es\/index.php?rest_route=%2Fwp%2Fv2%2Fmedia&parent=135"}],"curies":[{"name":"wp","href":"https:\/\/api.w.org\/{rel}","templated":true}]}}