{"id":1497,"date":"2020-06-02T10:16:42","date_gmt":"2020-06-02T10:16:42","guid":{"rendered":"https:\/\/granada.fesofiabarat.es\/?page_id=1497"},"modified":"2025-09-16T22:06:10","modified_gmt":"2025-09-16T22:06:10","slug":"bachillerato-dual","status":"publish","type":"page","link":"https:\/\/granada.fesofiabarat.es\/?page_id=1497","title":{"rendered":"Bachillerato DUAL"},"content":{"rendered":"<h1>\u00bfQu\u00e9 es el diploma dual?<\/h1>\n<p><video src=\"\/wp-content\/uploads\/2020\/06\/Academica.-Qu%C3%A9-es-el-Diploma-Dual%C2%AE.mp4\" poster=\"\"><\/video><\/p>\n<h1>La informaci\u00f3n que necesitas<\/h1>\n<div>\n<p>        <img decoding=\"async\" src=\"\/wp-content\/uploads\/2020\/06\/Button-Presentaci%C3%B3n.png\" alt=\"\"><\/p>\n<p><a href=\"https:\/\/drive.google.com\/file\/d\/1tY2rAiuBkT8s9MS-PKBTX4iRj0SWH5qp\/view?usp=sharing\"><\/a><\/p>\n<\/div>\n<div>\n<p>        <img decoding=\"async\" src=\"\/wp-content\/uploads\/2020\/06\/Button-Admissions-Test.png\" alt=\"\"><\/p>\n<p><a href=\"\/wp-content\/uploads\/2020\/06\/Dual-Diploma-Admissions-Test.pdf\"><\/a><\/p>\n<\/div>\n<div>\n<p>        <img decoding=\"async\" src=\"\/wp-content\/uploads\/2020\/06\/Button-Web-Academica.png\" alt=\"\"><\/p>\n<p><a href=\"https:\/\/www.academica.school\/\"><\/a><\/p>\n<\/div>\n<hr>\n<h1>Matriculaci\u00f3n<\/h1>\n<p><a href=\"https:\/\/forms.gle\/tzooxWAcF2GE2qzx7\"><img decoding=\"async\" src=\"\/wp-content\/uploads\/2025\/09\/Mensaje-Matricula-Diploma-Dual.gif\" alt=\"\"><\/a><\/p>\n<hr>\n<h1>Email de contacto<\/h1>\n<p><a href=\"mailto:pablo.pozo@fesofiabarat.es\"><img decoding=\"async\" src=\"\/wp-content\/uploads\/2020\/06\/Button-Email-Contacto.png\" alt=\"\"><\/a><\/p>\n<p><!--more--><br \/>\n<!-- {\"type\":\"layout\",\"children\":[{\"type\":\"section\",\"props\":{\"image_position\":\"center-center\",\"style\":\"default\",\"title_breakpoint\":\"xl\",\"title_position\":\"top-left\",\"title_rotation\":\"left\",\"vertical_align\":\"\",\"width\":\"default\"},\"children\":[{\"type\":\"row\",\"children\":[{\"type\":\"column\",\"props\":{\"image_position\":\"center-center\",\"position_sticky_breakpoint\":\"m\",\"width_medium\":\"1-1\"},\"children\":[{\"type\":\"headline\",\"props\":{\"content\":\"\\u00bfQu\\u00e9 es el diploma dual?\",\"text_align\":\"center\",\"title_element\":\"h1\"}},{\"type\":\"video\",\"props\":{\"margin\":\"default\",\"text_align\":\"center\",\"video\":\"wp-content\\\/uploads\\\/2020\\\/06\\\/Academica.-Qu\\u00e9-es-el-Diploma-Dual\\u00ae.mp4\",\"video_controls\":true}},{\"type\":\"headline\",\"props\":{\"content\":\"La informaci\\u00f3n que necesitas\",\"margin_remove_bottom\":true,\"text_align\":\"center\",\"title_element\":\"h1\"}}]}]}]},{\"type\":\"section\",\"props\":{\"image_position\":\"center-center\",\"padding_remove_top\":true,\"style\":\"default\",\"title_breakpoint\":\"xl\",\"title_position\":\"top-left\",\"title_rotation\":\"left\",\"vertical_align\":\"\",\"width\":\"default\"},\"children\":[{\"type\":\"row\",\"props\":{\"layout\":\"1-3,1-3,1-3\"},\"children\":[{\"type\":\"column\",\"props\":{\"image_position\":\"center-center\",\"position_sticky_breakpoint\":\"m\",\"width_medium\":\"1-3\"},\"children\":[{\"type\":\"panel\",\"props\":{\"animation\":\"scale-up\",\"content_column_breakpoint\":\"m\",\"icon_width\":80,\"image\":\"wp-content\\\/uploads\\\/2020\\\/06\\\/Button-Presentaci\\u00f3n.png\",\"image_align\":\"top\",\"image_grid_breakpoint\":\"m\",\"image_grid_width\":\"1-2\",\"image_link\":true,\"image_svg_color\":\"emphasis\",\"link\":\"https:\\\/\\\/drive.google.com\\\/file\\\/d\\\/1tY2rAiuBkT8s9MS-PKBTX4iRj0SWH5qp\\\/view?usp=sharing\",\"link_style\":\"default\",\"link_target\":true,\"link_text\":\"\",\"margin\":\"default\",\"meta_align\":\"below-title\",\"meta_element\":\"div\",\"meta_style\":\"text-meta\",\"panel_link\":true,\"text_align\":\"center\",\"title_align\":\"top\",\"title_element\":\"h3\",\"title_grid_breakpoint\":\"m\",\"title_grid_width\":\"1-2\",\"title_hover_style\":\"reset\"}}]},{\"type\":\"column\",\"props\":{\"image_position\":\"center-center\",\"position_sticky_breakpoint\":\"m\",\"width_medium\":\"1-3\"},\"children\":[{\"type\":\"panel\",\"props\":{\"animation\":\"scale-up\",\"content_column_breakpoint\":\"m\",\"icon_width\":80,\"image\":\"wp-content\\\/uploads\\\/2020\\\/06\\\/Button-Admissions-Test.png\",\"image_align\":\"top\",\"image_grid_breakpoint\":\"m\",\"image_grid_width\":\"1-2\",\"image_link\":true,\"image_svg_color\":\"emphasis\",\"link\":\"wp-content\\\/uploads\\\/2020\\\/06\\\/Dual-Diploma-Admissions-Test.pdf\",\"link_style\":\"default\",\"link_target\":true,\"link_text\":\"\",\"margin\":\"default\",\"meta_align\":\"below-title\",\"meta_element\":\"div\",\"meta_style\":\"text-meta\",\"panel_link\":true,\"text_align\":\"center\",\"title_align\":\"top\",\"title_element\":\"h3\",\"title_grid_breakpoint\":\"m\",\"title_grid_width\":\"1-2\",\"title_hover_style\":\"reset\"}}]},{\"type\":\"column\",\"props\":{\"image_position\":\"center-center\",\"position_sticky_breakpoint\":\"m\",\"width_medium\":\"1-3\"},\"children\":[{\"type\":\"panel\",\"props\":{\"animation\":\"scale-up\",\"content_column_breakpoint\":\"m\",\"icon_width\":80,\"image\":\"wp-content\\\/uploads\\\/2020\\\/06\\\/Button-Web-Academica.png\",\"image_align\":\"top\",\"image_grid_breakpoint\":\"m\",\"image_grid_width\":\"1-2\",\"image_link\":true,\"image_svg_color\":\"emphasis\",\"link\":\"https:\\\/\\\/www.academica.school\\\/\",\"link_style\":\"default\",\"link_target\":true,\"link_text\":\"\",\"margin\":\"default\",\"meta_align\":\"below-title\",\"meta_element\":\"div\",\"meta_style\":\"text-meta\",\"panel_link\":true,\"text_align\":\"center\",\"title_align\":\"top\",\"title_element\":\"h3\",\"title_grid_breakpoint\":\"m\",\"title_grid_width\":\"1-2\",\"title_hover_style\":\"reset\"}}]}]},{\"type\":\"row\",\"children\":[{\"type\":\"column\",\"props\":{\"image_position\":\"center-center\",\"position_sticky_breakpoint\":\"m\"},\"children\":[{\"type\":\"divider\",\"props\":{\"divider_element\":\"hr\"}}]}]},{\"type\":\"row\",\"children\":[{\"type\":\"column\",\"props\":{\"image_position\":\"center-center\",\"position_sticky_breakpoint\":\"m\"},\"children\":[{\"type\":\"headline\",\"props\":{\"content\":\"Matriculaci\\u00f3n\",\"text_align\":\"center\",\"title_element\":\"h1\"}},{\"type\":\"image\",\"props\":{\"block_align\":\"center\",\"image\":\"wp-content\\\/uploads\\\/2025\\\/09\\\/Mensaje-Matricula-Diploma-Dual.gif\",\"image_box_shadow\":\"large\",\"image_svg_color\":\"emphasis\",\"link\":\"https:\\\/\\\/forms.gle\\\/tzooxWAcF2GE2qzx7\",\"link_target\":\"blank\",\"margin\":\"default\",\"maxwidth\":\"large\",\"text_align\":\"center\"}}]}]},{\"type\":\"row\",\"children\":[{\"type\":\"column\",\"props\":{\"image_position\":\"center-center\",\"position_sticky_breakpoint\":\"m\"},\"children\":[{\"type\":\"divider\",\"props\":{\"divider_element\":\"hr\"}}]}]},{\"type\":\"row\",\"children\":[{\"type\":\"column\",\"props\":{\"image_position\":\"center-center\",\"position_sticky_breakpoint\":\"m\",\"width_medium\":\"1-1\"},\"children\":[{\"type\":\"headline\",\"props\":{\"content\":\"Email de contacto\",\"text_align\":\"center\",\"title_element\":\"h1\"}},{\"type\":\"image\",\"props\":{\"image\":\"wp-content\\\/uploads\\\/2020\\\/06\\\/Button-Email-Contacto.png\",\"image_svg_color\":\"emphasis\",\"image_width\":\"200\",\"link\":\"mailto:pablo.pozo@fesofiabarat.es\",\"link_target\":\"blank\",\"margin\":\"default\",\"text_align\":\"center\"}}]}]}]}],\"version\":\"4.5.15\"} --><\/p>\n","protected":false},"excerpt":{"rendered":"<p>\u00bfQu\u00e9 es el diploma dual? La informaci\u00f3n que necesitas Matriculaci\u00f3n Email de contacto<\/p>\n","protected":false},"author":9,"featured_media":0,"parent":0,"menu_order":0,"comment_status":"closed","ping_status":"closed","template":"","meta":{"_seopress_robots_primary_cat":"","_seopress_titles_title":"","_seopress_titles_desc":"","_seopress_robots_index":"","footnotes":""},"class_list":["post-1497","page","type-page","status-publish","hentry"],"_links":{"self":[{"href":"https:\/\/granada.fesofiabarat.es\/index.php?rest_route=\/wp\/v2\/pages\/1497","targetHints":{"allow":["GET"]}}],"collection":[{"href":"https:\/\/granada.fesofiabarat.es\/index.php?rest_route=\/wp\/v2\/pages"}],"about":[{"href":"https:\/\/granada.fesofiabarat.es\/index.php?rest_route=\/wp\/v2\/types\/page"}],"author":[{"embeddable":true,"href":"https:\/\/granada.fesofiabarat.es\/index.php?rest_route=\/wp\/v2\/users\/9"}],"replies":[{"embeddable":true,"href":"https:\/\/granada.fesofiabarat.es\/index.php?rest_route=%2Fwp%2Fv2%2Fcomments&post=1497"}],"version-history":[{"count":34,"href":"https:\/\/granada.fesofiabarat.es\/index.php?rest_route=\/wp\/v2\/pages\/1497\/revisions"}],"predecessor-version":[{"id":7874,"href":"https:\/\/granada.fesofiabarat.es\/index.php?rest_route=\/wp\/v2\/pages\/1497\/revisions\/7874"}],"wp:attachment":[{"href":"https:\/\/granada.fesofiabarat.es\/index.php?rest_route=%2Fwp%2Fv2%2Fmedia&parent=1497"}],"curies":[{"name":"wp","href":"https:\/\/api.w.org\/{rel}","templated":true}]}}