{"id":2941,"date":"2021-10-12T21:30:08","date_gmt":"2021-10-12T21:30:08","guid":{"rendered":"https:\/\/granada.fesofiabarat.es\/?page_id=2941"},"modified":"2021-12-23T10:24:57","modified_gmt":"2021-12-23T10:24:57","slug":"educamos","status":"publish","type":"page","link":"https:\/\/granada.fesofiabarat.es\/?page_id=2941","title":{"rendered":"Educamos"},"content":{"rendered":"<h1>\n<h1 style=\"text-align: center;\">EDUCAMOS<\/h1>\n<\/h1>\n<hr>\n<p>\n    <a href=\"https:\/\/sso2.educamos.com\/Autenticacion\/Acceder?ReturnUrl=%2Fissue%2Fwsfed%3Fwa%3Dwsignin1.0%26wtrealm%3Dhttps%253a%252f%252fsagradocorazon-rscj-granada.educamos.com%252f%26wctx%3Drm%253d0%2526id%253dpassive%2526ru%253d%25252f%26wct%3D2021-10-12T21%253a13%253a50Z#\">ACCEDE A LA APLICACI\u00d3N<\/a>\n<\/p>\n<p><a href=\"\/wp-content\/uploads\/2019\/09\/Ayuda-Acceso-Educamos.mp4\"><img decoding=\"async\" src=\"\/wp-content\/uploads\/2019\/09\/Ayuda-acceso-educamos.png\" alt=\"\"><\/a><br \/>\n<a href=\"https:\/\/play.google.com\/store\/apps\/details?id=com.educamos.familiasv2&#038;hl=es\"><img decoding=\"async\" src=\"\/wp-content\/uploads\/2019\/09\/Descarga_GooglePlay.png\" alt=\"\"><\/a><\/p>\n<div>\n<h5 style=\"text-align: center;\">C\u00f3digo de Centro para la App: 675<\/h5>\n<\/div>\n<p><a href=\"https:\/\/apps.apple.com\/es\/app\/sm-educamos-familias\/id1331931771\"><img decoding=\"async\" src=\"\/wp-content\/uploads\/2019\/09\/Descarga_AppStore.png\" alt=\"\"><\/a><\/p>\n<h1>Tutoriales<\/h1>\n<h4>Justificar incidencias<\/h4>\n<div>\n<p>    <iframe loading=\"lazy\" allowtransparency=\"true\" title=\"Wistia video player\" allowFullscreen frameborder=\"0\" scrolling=\"no\" class=\"wistia_embed\" name=\"wistia_embed\" src=\"https:\/\/fast.wistia.net\/embed\/iframe\/4z92gkvcad\" width=\"400\" height=\"225\"><\/iframe>\n<\/div>\n<h4>Cambio de contrase\u00f1a<\/h4>\n<div>\n<p>    <iframe loading=\"lazy\" allowtransparency=\"true\" title=\"Wistia video player\" allowFullscreen frameborder=\"0\" scrolling=\"no\" class=\"wistia_embed\" name=\"wistia_embed\" src=\"https:\/\/fast.wistia.net\/embed\/iframe\/eltfvz5fw5\" width=\"400\" height=\"225\"><\/iframe>\n<\/div>\n<h4>Acceso a la app<\/h4>\n<div>\n<p>    <iframe loading=\"lazy\" allowtransparency=\"true\" title=\"Wistia video player\" allowFullscreen frameborder=\"0\" scrolling=\"no\" class=\"wistia_embed\" name=\"wistia_embed\" src=\"https:\/\/fast.wistia.net\/embed\/iframe\/gbh6qwf5sa\" width=\"400\" height=\"225\"><\/iframe>\n<\/div>\n<p><!--more--><br \/>\n<!-- {\"type\":\"layout\",\"children\":[{\"type\":\"section\",\"props\":{\"style\":\"default\",\"width\":\"default\",\"vertical_align\":\"middle\",\"title_position\":\"top-left\",\"title_rotation\":\"left\",\"title_breakpoint\":\"xl\",\"image_position\":\"center-center\"},\"children\":[{\"type\":\"row\",\"children\":[{\"type\":\"column\",\"props\":{\"image_position\":\"center-center\",\"media_overlay_gradient\":\"\"},\"children\":[{\"type\":\"headline\",\"props\":{\"title_element\":\"h1\",\"content\":\"\n\n<h1 style=\\\"text-align: center;\\\">EDUCAMOS<\\\/h1>\"}},{\"type\":\"divider\",\"props\":{\"divider_element\":\"hr\"}},{\"type\":\"button\",\"props\":{\"grid_column_gap\":\"small\",\"grid_row_gap\":\"small\",\"margin\":\"default\",\"maxwidth\":\"large\",\"block_align\":\"center\",\"text_align\":\"center\"},\"children\":[{\"type\":\"button_item\",\"props\":{\"button_style\":\"default\",\"icon_align\":\"left\",\"content\":\"ACCEDE A LA APLICACI\\u00d3N\",\"link\":\"https:\\\/\\\/sso2.educamos.com\\\/Autenticacion\\\/Acceder?ReturnUrl=%2Fissue%2Fwsfed%3Fwa%3Dwsignin1.0%26wtrealm%3Dhttps%253a%252f%252fsagradocorazon-rscj-granada.educamos.com%252f%26wctx%3Drm%253d0%2526id%253dpassive%2526ru%253d%25252f%26wct%3D2021-10-12T21%253a13%253a50Z#\",\"link_target\":\"blank\"}}]}]}]},{\"type\":\"row\",\"props\":{\"layout\":\"1-3,1-3,1-3\"},\"children\":[{\"type\":\"column\",\"props\":{\"image_position\":\"center-center\",\"media_overlay_gradient\":\"\",\"width_medium\":\"1-3\"},\"children\":[{\"type\":\"image\",\"props\":{\"margin\":\"default\",\"image_svg_color\":\"emphasis\",\"image\":\"wp-content\\\/uploads\\\/2019\\\/09\\\/Ayuda-acceso-educamos.png\",\"link\":\"wp-content\\\/uploads\\\/2019\\\/09\\\/Ayuda-Acceso-Educamos.mp4\",\"link_target\":\"blank\",\"maxwidth\":\"medium\"}}]},{\"type\":\"column\",\"props\":{\"image_position\":\"center-center\",\"media_overlay_gradient\":\"\",\"width_medium\":\"1-3\"},\"children\":[{\"type\":\"image\",\"props\":{\"margin\":\"default\",\"image_svg_color\":\"emphasis\",\"image\":\"wp-content\\\/uploads\\\/2019\\\/09\\\/Descarga_GooglePlay.png\",\"maxwidth\":\"medium\",\"block_align\":\"center\",\"text_align\":\"center\",\"link\":\"https:\\\/\\\/play.google.com\\\/store\\\/apps\\\/details?id=com.educamos.familiasv2&hl=es\",\"link_target\":\"blank\"}},{\"type\":\"text\",\"props\":{\"margin\":\"default\",\"column_breakpoint\":\"m\",\"content\":\"\n\n<h5 style=\\\"text-align: center;\\\">C\\u00f3digo de Centro para la App: 675<\\\/h5>\"}}]},{\"type\":\"column\",\"props\":{\"image_position\":\"center-center\",\"media_overlay_gradient\":\"\",\"width_medium\":\"1-3\"},\"children\":[{\"type\":\"image\",\"props\":{\"margin\":\"default\",\"image_svg_color\":\"emphasis\",\"image\":\"wp-content\\\/uploads\\\/2019\\\/09\\\/Descarga_AppStore.png\",\"link\":\"https:\\\/\\\/apps.apple.com\\\/es\\\/app\\\/sm-educamos-familias\\\/id1331931771\",\"maxwidth\":\"medium\",\"block_align\":\"center\",\"link_target\":\"blank\"}}]}]}]},{\"type\":\"section\",\"props\":{\"style\":\"muted\",\"width\":\"default\",\"vertical_align\":\"middle\",\"title_position\":\"top-left\",\"title_rotation\":\"left\",\"title_breakpoint\":\"xl\",\"image_position\":\"center-center\",\"padding_remove_top\":true,\"padding_remove_bottom\":true},\"children\":[{\"type\":\"row\",\"children\":[{\"type\":\"column\",\"props\":{\"image_position\":\"center-center\",\"media_overlay_gradient\":\"\"},\"children\":[{\"type\":\"headline\",\"props\":{\"title_element\":\"h1\",\"content\":\"Tutoriales\",\"text_align\":\"center\"}}]}]}]},{\"type\":\"section\",\"props\":{\"style\":\"default\",\"width\":\"default\",\"vertical_align\":\"middle\",\"title_position\":\"top-left\",\"title_rotation\":\"left\",\"title_breakpoint\":\"xl\",\"image_position\":\"center-center\",\"padding_remove_top\":false},\"children\":[{\"type\":\"row\",\"props\":{\"layout\":\"1-3,1-3,1-3\"},\"children\":[{\"type\":\"column\",\"props\":{\"image_position\":\"center-center\",\"media_overlay_gradient\":\"\",\"width_medium\":\"1-3\"},\"children\":[{\"type\":\"headline\",\"props\":{\"title_element\":\"h4\",\"content\":\"Justificar incidencias\",\"text_align\":\"center\"}},{\"type\":\"html\",\"props\":{\"content\":\"<iframe allowtransparency=\\\"true\\\" title=\\\"Wistia video player\\\" allowFullscreen frameborder=\\\"0\\\" scrolling=\\\"no\\\" class=\\\"wistia_embed\\\" name=\\\"wistia_embed\\\" src=\\\"https:\\\/\\\/fast.wistia.net\\\/embed\\\/iframe\\\/4z92gkvcad\\\" width=\\\"400\\\" height=\\\"225\\\"><\\\/iframe>\"}}]},{\"type\":\"column\",\"props\":{\"image_position\":\"center-center\",\"media_overlay_gradient\":\"\",\"width_medium\":\"1-3\"},\"children\":[{\"type\":\"headline\",\"props\":{\"title_element\":\"h4\",\"content\":\"Cambio de contrase\\u00f1a\",\"text_align\":\"center\"}},{\"type\":\"html\",\"props\":{\"content\":\"<iframe allowtransparency=\\\"true\\\" title=\\\"Wistia video player\\\" allowFullscreen frameborder=\\\"0\\\" scrolling=\\\"no\\\" class=\\\"wistia_embed\\\" name=\\\"wistia_embed\\\" src=\\\"https:\\\/\\\/fast.wistia.net\\\/embed\\\/iframe\\\/eltfvz5fw5\\\" width=\\\"400\\\" height=\\\"225\\\"><\\\/iframe>\"}}]},{\"type\":\"column\",\"props\":{\"image_position\":\"center-center\",\"media_overlay_gradient\":\"\",\"width_medium\":\"1-3\"},\"children\":[{\"type\":\"headline\",\"props\":{\"title_element\":\"h4\",\"content\":\"Acceso a la app\",\"text_align\":\"center\"}},{\"type\":\"html\",\"props\":{\"content\":\"<iframe allowtransparency=\\\"true\\\" title=\\\"Wistia video player\\\" allowFullscreen frameborder=\\\"0\\\" scrolling=\\\"no\\\" class=\\\"wistia_embed\\\" name=\\\"wistia_embed\\\" src=\\\"https:\\\/\\\/fast.wistia.net\\\/embed\\\/iframe\\\/gbh6qwf5sa\\\" width=\\\"400\\\" height=\\\"225\\\"><\\\/iframe>\"}}]}]}]}],\"version\":\"2.5.2\"} --><\/p>\n","protected":false},"excerpt":{"rendered":"<p>EDUCAMOS ACCEDE A LA APLICACI\u00d3N C\u00f3digo de Centro para la App: 675 Tutoriales Justificar incidencias Cambio de contrase\u00f1a Acceso a la app<\/p>\n","protected":false},"author":11,"featured_media":0,"parent":0,"menu_order":0,"comment_status":"closed","ping_status":"closed","template":"","meta":{"_seopress_robots_primary_cat":"","_seopress_titles_title":"","_seopress_titles_desc":"","_seopress_robots_index":"","footnotes":""},"class_list":["post-2941","page","type-page","status-publish","hentry"],"_links":{"self":[{"href":"https:\/\/granada.fesofiabarat.es\/index.php?rest_route=\/wp\/v2\/pages\/2941","targetHints":{"allow":["GET"]}}],"collection":[{"href":"https:\/\/granada.fesofiabarat.es\/index.php?rest_route=\/wp\/v2\/pages"}],"about":[{"href":"https:\/\/granada.fesofiabarat.es\/index.php?rest_route=\/wp\/v2\/types\/page"}],"author":[{"embeddable":true,"href":"https:\/\/granada.fesofiabarat.es\/index.php?rest_route=\/wp\/v2\/users\/11"}],"replies":[{"embeddable":true,"href":"https:\/\/granada.fesofiabarat.es\/index.php?rest_route=%2Fwp%2Fv2%2Fcomments&post=2941"}],"version-history":[{"count":10,"href":"https:\/\/granada.fesofiabarat.es\/index.php?rest_route=\/wp\/v2\/pages\/2941\/revisions"}],"predecessor-version":[{"id":3017,"href":"https:\/\/granada.fesofiabarat.es\/index.php?rest_route=\/wp\/v2\/pages\/2941\/revisions\/3017"}],"wp:attachment":[{"href":"https:\/\/granada.fesofiabarat.es\/index.php?rest_route=%2Fwp%2Fv2%2Fmedia&parent=2941"}],"curies":[{"name":"wp","href":"https:\/\/api.w.org\/{rel}","templated":true}]}}