{"id":5069,"date":"2023-11-28T18:25:59","date_gmt":"2023-11-28T18:25:59","guid":{"rendered":"https:\/\/granada.fesofiabarat.es\/?page_id=5069"},"modified":"2024-01-25T16:24:44","modified_gmt":"2024-01-25T16:24:44","slug":"linea-pedagogica-de-infantil","status":"publish","type":"page","link":"https:\/\/granada.fesofiabarat.es\/?page_id=5069","title":{"rendered":"L\u00ednea Pedag\u00f3gica de Infantil"},"content":{"rendered":"<h1><span>Etapa de Infantil<\/span><\/h1>\n<p><img decoding=\"async\" src=\"\/wp-content\/uploads\/2023\/11\/Juego.jpg\" alt=\"\"><\/p>\n<div>\n<p>Tu colegio, el mejor sitio para crecer aprendiendo y aprender creciendo. Tus sue\u00f1os, tus amigos, tus ilusiones&#8230; todo comienza aqu\u00ed y ahora. Hic et nunc.<\/p>\n<\/div>\n<h2>La Asamblea<\/h2>\n<div>\n<p><span>\u00a0El momento m\u00e1gico del d\u00eda donde nos reunimos para compartir ideas, descubrir juntos el mundo y construir un ambiente lleno de aprendizaje y diversi\u00f3n, cultivando as\u00ed el esp\u00edritu de comunidad a trav\u00e9s de la escucha activa y el respeto.<\/span><\/p>\n<\/div>\n<p><img decoding=\"async\" src=\"\/wp-content\/uploads\/2024\/01\/Captura-de-pantalla-2024-01-14-a-las-18.29.48.png\" alt=\"\"><\/p>\n<h2>Estimulaci\u00f3n Temprana<\/h2>\n<div>\n<p><span>Con actividades y experiencias dise\u00f1adas espec\u00edficamente se promueve el desarrollo integral del alumnado, abarcando aspectos f\u00edsicos, cognitivo, emocionales y sociales que sentar\u00e1n las bases de un crecimiento saludable y un aprendizaje efectivo a lo largo de toda su vida.<\/span><\/p>\n<\/div>\n<p><img decoding=\"async\" src=\"\/wp-content\/uploads\/2024\/01\/c690ffa8-c4e1-47cb-8a71-c0ea470196d3.jpg\" alt=\"\"><\/p>\n<h2>Lectoescritura<\/h2>\n<div>\n<div>El emocionante viaje hacia el mundo de las palabras. Nuestro enfoque se basa en nutrir el desarrollo integral del alumnado, centr\u00e1ndonos en las conexiones y estimulando su curiosidad natural que potenciar\u00e1n la adquisici\u00f3n de las habilidades fundamentales para la lectura y la escritura.<\/div>\n<div><\/div>\n<\/div>\n<p><img decoding=\"async\" src=\"\/wp-content\/uploads\/2024\/01\/IMG_1897-scaled.jpg\" alt=\"\"><br \/>\n<img decoding=\"async\" src=\"\/wp-content\/uploads\/2023\/12\/Ingles-1.jpg\" alt=\"\"><\/p>\n<h2>Firsts steps in English<\/h2>\n<div>\n<div>Utilizamos estrategias pedag\u00f3gicas que acercan el aprendizaje del ingl\u00e9s para que se convierta en una experiencia natural y divertida. Integrando canciones, juegos, cuentos y actividades interactivas, buscaos despertar el inter\u00e9s del alumnado mientras se sumergen en un nuevo idioma.<\/div>\n<div><\/div>\n<\/div>\n<hr>\n<h1>Atenci\u00f3n a la Diversidad<\/h1>\n<div>\n<p>El Departamento de Orientaci\u00f3n asesora y colabora para que cada alumno se sienta atendido, participando con el profesorado y sus familias. Adem\u00e1s, interviene directamente, a trav\u00e9s de las maestras especialistas, en atenci\u00f3n del alumnado con necesidades espec\u00edficas de apoyo educativo.<\/p>\n<\/div>\n<p><img decoding=\"async\" src=\"\/wp-content\/uploads\/2023\/11\/Captura-de-pantalla-2023-11-05-a-las-11.01.08.png\" alt=\"\"><\/p>\n<p><!--more--><br \/>\n<!-- {\"type\":\"layout\",\"children\":[{\"name\":\"Hero\",\"type\":\"section\",\"props\":{\"image_position\":\"center-center\",\"padding\":\"xlarge\",\"padding_remove_bottom\":false,\"style\":\"default\",\"title_breakpoint\":\"xl\",\"title_position\":\"top-left\",\"title_rotation\":\"left\",\"vertical_align\":\"\",\"width\":\"xlarge\"},\"children\":[{\"type\":\"row\",\"children\":[{\"type\":\"column\",\"props\":{\"image_position\":\"center-center\",\"position_sticky_breakpoint\":\"m\",\"width_medium\":\"1-1\"},\"children\":[{\"type\":\"headline\",\"props\":{\"animation\":\"parallax\",\"content\":\"<span>Etapa de Infantil<\\\/span>\",\"parallax_breakpoint\":\"m\",\"parallax_easing\":\"1\",\"parallax_y\":\"0,-75\",\"text_align\":\"center\",\"title_color\":\"secondary\",\"title_element\":\"h1\",\"title_style\":\"heading-small\"}}]}]}]},{\"type\":\"section\",\"props\":{\"image_position\":\"center-center\",\"padding\":\"none\",\"padding_remove_bottom\":false,\"padding_remove_top\":false,\"style\":\"default\",\"title_breakpoint\":\"xl\",\"title_position\":\"top-left\",\"title_rotation\":\"left\",\"vertical_align\":\"middle\",\"width\":\"large\",\"width_expand\":\"left\"},\"children\":[{\"type\":\"row\",\"props\":{\"column_gap\":\"large\",\"layout\":\"2-3,1-3\",\"row_gap\":\"large\"},\"children\":[{\"type\":\"column\",\"props\":{\"image_position\":\"center-center\",\"position_sticky_breakpoint\":\"m\",\"vertical_align\":\"middle\",\"width_large\":\"2-3\"},\"children\":[{\"type\":\"image\",\"props\":{\"animation\":\"none\",\"container_padding_remove\":true,\"image\":\"wp-content\\\/uploads\\\/2023\\\/11\\\/Juego.jpg\",\"image_height\":\"800\",\"image_svg_color\":\"emphasis\",\"image_width\":\"1300\",\"margin\":\"\",\"parallax_easing\":\"0.3\",\"parallax_end\":\"20vh + 20%\",\"parallax_x\":\"-50,0\"}}]},{\"type\":\"column\",\"props\":{\"image_position\":\"center-center\",\"position_sticky_breakpoint\":\"m\",\"vertical_align\":\"middle\",\"width_large\":\"1-3\"},\"children\":[{\"type\":\"divider\",\"props\":{\"animation\":\"none\",\"divider_align\":\"left\",\"divider_align_breakpoint\":\"l\",\"divider_align_fallback\":\"center\",\"divider_element\":\"div\",\"divider_style\":\"small\",\"parallax_x\":\"150,0\"}},{\"type\":\"text\",\"props\":{\"column_breakpoint\":\"m\",\"content\":\"\n\n<p>Tu colegio, el mejor sitio para crecer aprendiendo y aprender creciendo. Tus sue\\u00f1os, tus amigos, tus ilusiones... todo comienza aqu\\u00ed y ahora. Hic et nunc.<\\\/p>\",\"margin\":\"default\",\"text_style\":\"large\"}}]}]}],\"name\":\"Portfolio 01\"},{\"type\":\"section\",\"props\":{\"image_position\":\"center-center\",\"padding\":\"large\",\"padding_remove_bottom\":true,\"padding_remove_top\":false,\"style\":\"default\",\"title_breakpoint\":\"xl\",\"title_position\":\"top-left\",\"title_rotation\":\"left\",\"vertical_align\":\"middle\",\"width\":\"large\",\"width_expand\":\"right\"},\"children\":[{\"type\":\"row\",\"props\":{\"column_gap\":\"large\",\"layout\":\"1-3,2-3\",\"row_gap\":\"large\"},\"children\":[{\"type\":\"column\",\"props\":{\"image_position\":\"center-center\",\"order_first\":\"l\",\"position_sticky_breakpoint\":\"m\",\"vertical_align\":\"middle\",\"width_large\":\"1-3\"},\"children\":[{\"type\":\"divider\",\"props\":{\"animation\":\"none\",\"divider_align\":\"left\",\"divider_align_breakpoint\":\"l\",\"divider_align_fallback\":\"center\",\"divider_element\":\"div\",\"divider_style\":\"small\",\"parallax_x\":\"150,0\"}},{\"type\":\"headline\",\"props\":{\"animation\":\"parallax\",\"content\":\"La Asamblea\",\"margin_remove_top\":true,\"parallax_breakpoint\":\"m\",\"parallax_easing\":\"1\",\"parallax_end\":\"60vh + 60%\",\"parallax_opacity\":\"0.3,1\",\"parallax_y\":\"30,0\",\"text_align\":\"left\",\"text_align_breakpoint\":\"l\",\"text_align_fallback\":\"center\",\"title_color\":\"danger\",\"title_element\":\"h2\",\"title_style\":\"heading-small\"}},{\"type\":\"text\",\"props\":{\"animation\":\"none\",\"block_align_breakpoint\":\"l\",\"block_align_fallback\":\"center\",\"column_breakpoint\":\"m\",\"content\":\"\n\n<p><span>\\u00a0El momento m\\u00e1gico del d\\u00eda donde nos reunimos para compartir ideas, descubrir juntos el mundo y construir un ambiente lleno de aprendizaje y diversi\\u00f3n, cultivando as\\u00ed el esp\\u00edritu de comunidad a trav\\u00e9s de la escucha activa y el respeto.<\\\/span><\\\/p>\",\"margin\":\"medium\",\"margin_remove_top\":false,\"maxwidth\":\"xlarge\",\"maxwidth_breakpoint\":\"m\",\"parallax_breakpoint\":\"m\",\"parallax_easing\":\"0.3\",\"parallax_end\":\"50vh + 50%\",\"parallax_opacity\":\"0.7,1\",\"parallax_x\":\"-150,0\",\"text_align\":\"left\",\"text_align_breakpoint\":\"l\",\"text_align_fallback\":\"center\",\"text_style\":\"large\"}}]},{\"type\":\"column\",\"props\":{\"image_position\":\"center-center\",\"order_first\":\"xs\",\"position_sticky_breakpoint\":\"m\",\"vertical_align\":\"middle\",\"width_large\":\"2-3\"},\"children\":[{\"type\":\"image\",\"props\":{\"animation\":\"none\",\"container_padding_remove\":true,\"image\":\"wp-content\\\/uploads\\\/2024\\\/01\\\/Captura-de-pantalla-2024-01-14-a-las-18.29.48.png\",\"image_height\":\"800\",\"image_svg_color\":\"emphasis\",\"image_width\":\"1300\",\"margin\":\"\",\"parallax_easing\":\"0.3\",\"parallax_end\":\"20vh + 20%\",\"parallax_x\":\"-50,0\"}}]}]},{\"type\":\"row\",\"children\":[{\"type\":\"column\",\"props\":{\"image_position\":\"center-center\",\"position_sticky_breakpoint\":\"m\"}}]}],\"name\":\"Portfolio 04\"},{\"type\":\"section\",\"props\":{\"image_position\":\"center-center\",\"padding\":\"large\",\"padding_remove_bottom\":true,\"padding_remove_top\":false,\"style\":\"default\",\"title_breakpoint\":\"xl\",\"title_position\":\"top-left\",\"title_rotation\":\"left\",\"vertical_align\":\"middle\",\"width\":\"large\",\"width_expand\":\"right\"},\"children\":[{\"type\":\"row\",\"props\":{\"column_gap\":\"large\",\"layout\":\"1-3,2-3\",\"row_gap\":\"large\"},\"children\":[{\"type\":\"column\",\"props\":{\"image_position\":\"center-center\",\"order_first\":\"l\",\"position_sticky_breakpoint\":\"m\",\"vertical_align\":\"middle\",\"width_large\":\"1-3\"},\"children\":[{\"type\":\"divider\",\"props\":{\"animation\":\"none\",\"divider_align\":\"left\",\"divider_align_breakpoint\":\"l\",\"divider_align_fallback\":\"center\",\"divider_element\":\"div\",\"divider_style\":\"small\",\"parallax_x\":\"150,0\"}},{\"type\":\"headline\",\"props\":{\"animation\":\"parallax\",\"content\":\"Estimulaci\\u00f3n Temprana\",\"margin_remove_top\":true,\"parallax_breakpoint\":\"m\",\"parallax_easing\":\"1\",\"parallax_end\":\"60vh + 60%\",\"parallax_opacity\":\"0.3,1\",\"parallax_y\":\"30,0\",\"text_align\":\"left\",\"text_align_breakpoint\":\"l\",\"text_align_fallback\":\"center\",\"title_color\":\"danger\",\"title_element\":\"h2\",\"title_style\":\"heading-small\"}},{\"type\":\"text\",\"props\":{\"block_align_breakpoint\":\"l\",\"block_align_fallback\":\"center\",\"column_breakpoint\":\"m\",\"content\":\"\n\n<p><span>Con actividades y experiencias dise\\u00f1adas espec\\u00edficamente se promueve el desarrollo integral del alumnado, abarcando aspectos f\\u00edsicos, cognitivo, emocionales y sociales que sentar\\u00e1n las bases de un crecimiento saludable y un aprendizaje efectivo a lo largo de toda su vida.<\\\/span><\\\/p>\",\"margin\":\"medium\",\"margin_remove_top\":false,\"maxwidth\":\"xlarge\",\"maxwidth_breakpoint\":\"m\",\"parallax_breakpoint\":\"m\",\"parallax_easing\":\"0.3\",\"parallax_end\":\"50vh + 50%\",\"parallax_opacity\":\"0.7,1\",\"parallax_x\":\"-150,0\",\"text_align\":\"left\",\"text_align_breakpoint\":\"l\",\"text_align_fallback\":\"center\",\"text_style\":\"large\"}}]},{\"type\":\"column\",\"props\":{\"image_position\":\"center-center\",\"order_first\":\"xs\",\"position_sticky_breakpoint\":\"m\",\"vertical_align\":\"middle\",\"width_large\":\"2-3\"},\"children\":[{\"type\":\"image\",\"props\":{\"animation\":\"none\",\"container_padding_remove\":true,\"image\":\"wp-content\\\/uploads\\\/2024\\\/01\\\/c690ffa8-c4e1-47cb-8a71-c0ea470196d3.jpg\",\"image_height\":\"800\",\"image_loading\":true,\"image_svg_color\":\"emphasis\",\"image_width\":\"1300\",\"margin\":\"\",\"parallax_easing\":\"0.3\",\"parallax_end\":\"20vh + 20%\",\"parallax_x\":\"-50,0\"}}]}]}],\"name\":\"Portfolio 02\"},{\"type\":\"section\",\"props\":{\"image_position\":\"center-center\",\"padding\":\"large\",\"padding_remove_bottom\":true,\"padding_remove_top\":false,\"style\":\"default\",\"title_breakpoint\":\"xl\",\"title_position\":\"top-left\",\"title_rotation\":\"left\",\"vertical_align\":\"middle\",\"width\":\"large\",\"width_expand\":\"right\"},\"children\":[{\"type\":\"row\",\"props\":{\"column_gap\":\"large\",\"layout\":\"1-3,2-3\",\"row_gap\":\"large\"},\"children\":[{\"type\":\"column\",\"props\":{\"image_position\":\"center-center\",\"order_first\":\"l\",\"position_sticky_breakpoint\":\"m\",\"vertical_align\":\"middle\",\"width_large\":\"1-3\"},\"children\":[{\"type\":\"divider\",\"props\":{\"animation\":\"none\",\"divider_align\":\"left\",\"divider_align_breakpoint\":\"l\",\"divider_align_fallback\":\"center\",\"divider_element\":\"div\",\"divider_style\":\"small\",\"parallax_x\":\"150,0\"}},{\"type\":\"headline\",\"props\":{\"animation\":\"parallax\",\"content\":\"Lectoescritura\",\"margin_remove_top\":true,\"parallax_breakpoint\":\"m\",\"parallax_easing\":\"1\",\"parallax_end\":\"60vh + 60%\",\"parallax_opacity\":\"0.3,1\",\"parallax_y\":\"30,0\",\"text_align\":\"left\",\"text_align_breakpoint\":\"l\",\"text_align_fallback\":\"center\",\"title_color\":\"danger\",\"title_element\":\"h2\",\"title_style\":\"heading-small\"}},{\"type\":\"text\",\"props\":{\"animation\":\"none\",\"block_align_breakpoint\":\"l\",\"block_align_fallback\":\"center\",\"column_breakpoint\":\"m\",\"content\":\"\n\n<div>El emocionante viaje hacia el mundo de las palabras. Nuestro enfoque se basa en nutrir el desarrollo integral del alumnado, centr\\u00e1ndonos en las conexiones y estimulando su curiosidad natural que potenciar\\u00e1n la adquisici\\u00f3n de las habilidades fundamentales para la lectura y la escritura.<\\\/div>\\n\n\n<div><\\\/div>\",\"margin\":\"medium\",\"margin_remove_top\":false,\"maxwidth\":\"xlarge\",\"maxwidth_breakpoint\":\"m\",\"parallax_breakpoint\":\"m\",\"parallax_easing\":\"0.3\",\"parallax_end\":\"50vh + 50%\",\"parallax_opacity\":\"0.7,1\",\"parallax_x\":\"-150,0\",\"text_align\":\"left\",\"text_align_breakpoint\":\"l\",\"text_align_fallback\":\"center\",\"text_style\":\"large\"}}]},{\"type\":\"column\",\"props\":{\"image_position\":\"center-center\",\"order_first\":\"xs\",\"position_sticky_breakpoint\":\"m\",\"vertical_align\":\"middle\",\"width_large\":\"2-3\"},\"children\":[{\"type\":\"image\",\"props\":{\"animation\":\"none\",\"container_padding_remove\":true,\"image\":\"wp-content\\\/uploads\\\/2024\\\/01\\\/IMG_1897-scaled.jpg\",\"image_height\":\"800\",\"image_svg_color\":\"emphasis\",\"image_width\":\"1300\",\"margin\":\"\",\"parallax_easing\":\"0.3\",\"parallax_end\":\"20vh + 20%\",\"parallax_x\":\"-50,0\"}}]}]}],\"name\":\"Portfolio 04\"},{\"type\":\"section\",\"props\":{\"image_position\":\"center-center\",\"padding\":\"large\",\"padding_remove_bottom\":true,\"padding_remove_top\":false,\"style\":\"default\",\"title_breakpoint\":\"xl\",\"title_position\":\"top-left\",\"title_rotation\":\"left\",\"vertical_align\":\"middle\",\"width\":\"large\",\"width_expand\":\"left\"},\"children\":[{\"type\":\"row\",\"props\":{\"column_gap\":\"large\",\"layout\":\"2-3,1-3\",\"row_gap\":\"large\"},\"children\":[{\"type\":\"column\",\"props\":{\"image_position\":\"center-center\",\"position_sticky_breakpoint\":\"m\",\"vertical_align\":\"middle\",\"width_large\":\"2-3\"},\"children\":[{\"type\":\"image\",\"props\":{\"animation\":\"none\",\"container_padding_remove\":true,\"image\":\"wp-content\\\/uploads\\\/2023\\\/12\\\/Ingles-1.jpg\",\"image_height\":\"800\",\"image_svg_color\":\"emphasis\",\"image_width\":\"1300\",\"margin\":\"\",\"parallax_easing\":\"0.3\",\"parallax_end\":\"20vh + 20%\",\"parallax_x\":\"-50,0\"}}]},{\"type\":\"column\",\"props\":{\"image_position\":\"center-center\",\"position_sticky_breakpoint\":\"m\",\"vertical_align\":\"middle\",\"width_large\":\"1-3\"},\"children\":[{\"type\":\"divider\",\"props\":{\"animation\":\"none\",\"divider_align\":\"left\",\"divider_align_breakpoint\":\"l\",\"divider_align_fallback\":\"center\",\"divider_element\":\"div\",\"divider_style\":\"small\",\"parallax_x\":\"150,0\"}},{\"type\":\"headline\",\"props\":{\"animation\":\"parallax\",\"content\":\"Firsts steps in English\",\"margin_remove_top\":true,\"parallax_breakpoint\":\"m\",\"parallax_easing\":\"1\",\"parallax_end\":\"60vh + 60%\",\"parallax_opacity\":\"0.3,1\",\"parallax_y\":\"30,0\",\"text_align\":\"left\",\"text_align_breakpoint\":\"l\",\"text_align_fallback\":\"center\",\"title_color\":\"danger\",\"title_element\":\"h2\",\"title_style\":\"heading-small\"}},{\"type\":\"text\",\"props\":{\"animation\":\"none\",\"block_align_breakpoint\":\"l\",\"block_align_fallback\":\"center\",\"column_breakpoint\":\"m\",\"content\":\"\n\n<div>Utilizamos estrategias pedag\\u00f3gicas que acercan el aprendizaje del ingl\\u00e9s para que se convierta en una experiencia natural y divertida. Integrando canciones, juegos, cuentos y actividades interactivas, buscaos despertar el inter\\u00e9s del alumnado mientras se sumergen en un nuevo idioma.<\\\/div>\\n\n\n<div><\\\/div>\",\"margin\":\"medium\",\"margin_remove_top\":false,\"maxwidth\":\"xlarge\",\"maxwidth_breakpoint\":\"m\",\"parallax_easing\":\"0.3\",\"parallax_x\":\"150,0\",\"text_align\":\"left\",\"text_align_breakpoint\":\"l\",\"text_align_fallback\":\"center\",\"text_style\":\"large\"}}]}]}],\"name\":\"Portfolio 03\"},{\"type\":\"section\",\"props\":{\"image_position\":\"center-center\",\"style\":\"default\",\"title_breakpoint\":\"xl\",\"title_position\":\"top-left\",\"title_rotation\":\"left\",\"vertical_align\":\"middle\",\"width\":\"default\"},\"children\":[{\"type\":\"row\",\"props\":{\"layout\":\"1-3,2-3\"},\"children\":[{\"type\":\"column\",\"props\":{\"image_position\":\"center-center\",\"position_sticky_breakpoint\":\"m\",\"width_medium\":\"1-3\"},\"children\":[{\"type\":\"divider\",\"props\":{\"divider_element\":\"hr\"}},{\"type\":\"headline\",\"props\":{\"content\":\"Atenci\\u00f3n a la Diversidad\",\"text_align\":\"center\",\"title_color\":\"danger\",\"title_element\":\"h1\",\"title_style\":\"heading-small\"}},{\"type\":\"text\",\"props\":{\"column_breakpoint\":\"m\",\"content\":\"\n\n<p>El Departamento de Orientaci\\u00f3n asesora y colabora para que cada alumno se sienta atendido, participando con el profesorado y sus familias. Adem\\u00e1s, interviene directamente, a trav\\u00e9s de las maestras especialistas, en atenci\\u00f3n del alumnado con necesidades espec\\u00edficas de apoyo educativo.<\\\/p>\",\"margin\":\"default\"}}]},{\"type\":\"column\",\"props\":{\"image_position\":\"center-center\",\"position_sticky_breakpoint\":\"m\",\"width_medium\":\"2-3\"},\"children\":[{\"type\":\"image\",\"props\":{\"image\":\"wp-content\\\/uploads\\\/2023\\\/11\\\/Captura-de-pantalla-2023-11-05-a-las-11.01.08.png\",\"image_svg_color\":\"emphasis\",\"margin\":\"default\"}}]}]}]}],\"version\":\"4.2.11\"} --><\/p>\n","protected":false},"excerpt":{"rendered":"<p>Etapa de Infantil Tu colegio, el mejor sitio para crecer aprendiendo y aprender creciendo. Tus sue\u00f1os, tus amigos, tus ilusiones&#8230; todo comienza aqu\u00ed y ahora. Hic et nunc. La Asamblea \u00a0El momento m\u00e1gico del d\u00eda donde nos reunimos para compartir ideas, descubrir juntos el mundo y construir un ambiente lleno de aprendizaje y diversi\u00f3n, cultivando [&hellip;]<\/p>\n","protected":false},"author":13,"featured_media":0,"parent":0,"menu_order":0,"comment_status":"closed","ping_status":"closed","template":"","meta":{"_seopress_robots_primary_cat":"","_seopress_titles_title":"","_seopress_titles_desc":"","_seopress_robots_index":"","footnotes":""},"class_list":["post-5069","page","type-page","status-publish","hentry"],"_links":{"self":[{"href":"https:\/\/granada.fesofiabarat.es\/index.php?rest_route=\/wp\/v2\/pages\/5069","targetHints":{"allow":["GET"]}}],"collection":[{"href":"https:\/\/granada.fesofiabarat.es\/index.php?rest_route=\/wp\/v2\/pages"}],"about":[{"href":"https:\/\/granada.fesofiabarat.es\/index.php?rest_route=\/wp\/v2\/types\/page"}],"author":[{"embeddable":true,"href":"https:\/\/granada.fesofiabarat.es\/index.php?rest_route=\/wp\/v2\/users\/13"}],"replies":[{"embeddable":true,"href":"https:\/\/granada.fesofiabarat.es\/index.php?rest_route=%2Fwp%2Fv2%2Fcomments&post=5069"}],"version-history":[{"count":60,"href":"https:\/\/granada.fesofiabarat.es\/index.php?rest_route=\/wp\/v2\/pages\/5069\/revisions"}],"predecessor-version":[{"id":6225,"href":"https:\/\/granada.fesofiabarat.es\/index.php?rest_route=\/wp\/v2\/pages\/5069\/revisions\/6225"}],"wp:attachment":[{"href":"https:\/\/granada.fesofiabarat.es\/index.php?rest_route=%2Fwp%2Fv2%2Fmedia&parent=5069"}],"curies":[{"name":"wp","href":"https:\/\/api.w.org\/{rel}","templated":true}]}}