{"id":5639,"date":"2023-12-19T21:04:56","date_gmt":"2023-12-19T21:04:56","guid":{"rendered":"https:\/\/granada.fesofiabarat.es\/?page_id=5639"},"modified":"2024-02-16T18:30:08","modified_gmt":"2024-02-16T18:30:08","slug":"jus","status":"publish","type":"page","link":"https:\/\/granada.fesofiabarat.es\/?page_id=5639","title":{"rendered":"jus"},"content":{"rendered":"<h1><strong>J<\/strong>usticia<br \/><strong>P<\/strong>az<br \/>e <strong>I<\/strong>ntegridad de la <strong>C<\/strong>reaci\u00f3n<\/h1>\n<p><img decoding=\"async\" src=\"\/wp-content\/uploads\/2024\/02\/PHOTO-2024-02-01-06-35-16.jpg\" alt=\"\"><\/p>\n<div>\n<p>\u25cf<strong> Objetivos del equipo JPIC.<\/strong><br \/>Educar personas con capacidad cr\u00edtica, sensibles y compasivas ante los problemas del mundo e<br \/>impulsar el compromiso en la b\u00fasqueda de la justicia, la paz y la integridad de la creaci\u00f3n.<br \/>\u25cf<strong> Iniciativas del equipo JPIC.<\/strong><br \/>-Creaci\u00f3n de un equipo de profesores implicados en la JPIC.<br \/>-Creaci\u00f3n de la figura del alumnado agente JPIC (se podr\u00eda poner alguna foto de reuni\u00f3n con ellos).<br \/>-Sensibilizaci\u00f3n, reflexi\u00f3n y compromiso desde nuestro colegio con el bienestar de las personas y con el medio ambiente (JPIC,reciclaje, uso racional de los recursos, etc.).<br \/><strong>\u25cf Aprendizaje y Servicio ApS<\/strong><br \/>Inculcar en nuestro alumnado unos valores y unas actitudes que puedan favorecer un cambio<br \/>positivo en la sociedad, y en el mundo que Dios nos ha dado.<br \/><strong>\u00bfC\u00f3mo hacerlo?<\/strong><br \/>Mediante una propuesta educativa que combina procesos de aprendizaje y de servicio a la<br \/>comunidad en un solo proyecto bien articulado donde los participantes aprenden al trabajar en necesidades reales de nuestra casa com\u00fan con la finalidad de mejorarla.<br \/><strong>Elementos b\u00e1sicos del ApS<\/strong><br \/>-La necesidad social del entorno.<br \/>-El servicio a la comunidad.<br \/>-Los aprendizajes.<br \/>-El trabajo en red.<\/p>\n<p><strong>\u00bfTenemos alguna experiencia solidaria que nos pueda servir como punto de partida?<\/strong>-Proyectos solidarios: Haregaon, Egipto, Hait\u00ed<br \/>-Carrera solidaria Sagrado Coraz\u00f3n<\/p>\n<p><strong>\u00bfQu\u00e9 necesidad social REAL podr\u00edamos atender?<\/strong><\/p>\n<p>&#8211;<strong>Proyectos solidarios:<\/strong> Las necesidades del alumnado del colegio de Santa Teresa, de las RSCJ, en Haregaon (India). Entre otras: dar seguridad a las alumnas en su traslado diario al colegio (autob\u00fas escolar), pensionado para familias con mayores necesidades, necesidades b\u00e1sicas como agua potable para el consumo del alumnado (m\u00e1quinas de agua), sufragar sueldos del profesorado y material Tic\u2026<br \/>&#8211;<strong>Carrera solidaria Sagrado Coraz\u00f3n<\/strong>: atender las necesidades de los ni\u00f1os y ni\u00f1as afectados por<br \/>c\u00e1ncer, dar visibilidad a las necesidades educativas, m\u00e9dicas, de acompa\u00f1amiento y de integraci\u00f3n de los afectados. Sufragar la investigaci\u00f3n para nuevos tratamientos.<br \/>Ante esa necesidad \u00bfqu\u00e9 podr\u00edamos hacer nosotros dentro de nuestras posibilidades y capacidades?<br \/>-Realizar <strong>proyectos de emprendimiento<\/strong> para recaudar fondos para sufragar las necesidades que nos presentan las distintas entidades con las que queremos colaborar.<\/p>\n<\/div>\n<p><img decoding=\"async\" src=\"\/wp-content\/uploads\/2024\/02\/Captura-de-pantalla-2024-02-16-a-las-18.30.52.png\" alt=\"\"><br \/>\n<img decoding=\"async\" src=\"\/wp-content\/uploads\/2024\/02\/Captura-de-pantalla-2024-02-16-a-las-18.35.23.png\" alt=\"\"><\/p>\n<hr>\n<div>\n<p><strong>\u00bfQu\u00e9 aprendizajes vamos a conseguir?<\/strong><br \/>-Dar a conocer estas realidades y tomar conciencia de que hay que estar presente en las necesidades de nuestro entorno cercano o lejano. Podemos ofrecer charlas en nuestro colegio de distintas entidades involucradas con el c\u00e1ncer para investigar, para acompa\u00f1ar a las familias, para ofrecer apoyo educativo, emocional o el que se precise.<\/p>\n<\/div>\n<div>\n<h4 dir=\"ltr\" role=\"presentation\"><span>Iniciativas del equipo JPIC<\/span><\/h4>\n<p dir=\"ltr\"><span>-Creaci\u00f3n de un equipo de profesores implicados en la JPIC.<\/span><\/p>\n<p dir=\"ltr\"><span>-Creaci\u00f3n de la figura del alumnado agente JPIC<\/span><\/p>\n<p dir=\"ltr\"><span>-Sensibilizaci\u00f3n, reflexi\u00f3n y compromiso desde nuestro colegio con el bienestar de las personas y con el medio ambiente (reciclaje, uso racional de los recursos, etc.).<\/span><\/p>\n<\/div>\n<div>\n<p>-Hacer investigaciones sobre la realidad hoy en <strong>Haregaon<\/strong>, y contrastarlo con la vida de un alumno en Granada, qu\u00e9 diferencias encuentran entre su d\u00eda a d\u00eda y el nuestro. Encuentros online entre el alumnado de los nuestros colegios, en idioma ingl\u00e9s, para compartir c\u00f3mo vivimos, cu\u00e1les son nuestras ilusiones y sue\u00f1os de futuro, c\u00f3mo trabajamos por ello.<br \/>-Estudio de la cultura, arte, historia, econom\u00eda, derechos de las personas y de la mujer,&#8230;<\/p>\n<\/div>\n<p><img decoding=\"async\" src=\"\/wp-content\/uploads\/2024\/02\/Captura-de-pantalla-2024-02-16-a-las-18.40.30.png\" alt=\"\"><\/p>\n<div>\n<h4 dir=\"ltr\">Proyectos del equipo JPIC<\/h4>\n<h4 dir=\"ltr\"><span>-Proyectos propios<\/span><\/h4>\n<p dir=\"ltr\"><span>Gesti\u00f3n de residuos: reciclado de pilas, papel, pl\u00e1sticos, aceite, etc.<\/span><\/p>\n<p dir=\"ltr\"><span>Reutilizaci\u00f3n y reducci\u00f3n de gastos: material escolar (papel, libretas, colores), talleres de reciclado de material escolar.<\/span><\/p>\n<p dir=\"ltr\"><span>Aprovechamiento de recursos: luces (encendido y apagado), ventanas (abiertas\/cerradas), cuidado del uso de grifos.<\/span><\/p>\n<h4 dir=\"ltr\"><span>-Proyectos de la FESB<\/span><\/h4>\n<p dir=\"ltr\"><span>Participaci\u00f3n en los concursos internacionales propuestos por la JPIC de las RSCJ:\u00a0 \u201cMove our world\u201d , el alumnado de 1\u00ba Bachillerato realiza un v\u00eddeo del programa de Acci\u00f3n Social en el que trabajan, exponiendo un proyecto solidario con impacto positivo en personas vulnerables.\u00a0<\/span><\/p>\n<p dir=\"ltr\"><span>\u201cConcurso de im\u00e1genes JPIC 2023\u201d, se trata de enviar im\u00e1genes que ilustren los 4 imperativos JPIC <\/span><span>. Realizado por alumnado de la ESO.\u00a0<\/span><\/p>\n<h4 dir=\"ltr\"><span>-Proyectos desde otras entidades<\/span><\/h4>\n<p dir=\"ltr\"><span>\u201cConcurso de Clipmetrajes de Manos Unidas 2023\u201d, nuestro alumnado de 2\u00ba Bachillerato\u00a0 presenta un v\u00eddeo que visibiliza c\u00f3mo nuestro estilo de vida refleja nuestro compromiso con el cumplimiento de los ODS, objetivos de desarrollo sostenible.<\/span><\/p>\n<\/div>\n<p><img decoding=\"async\" src=\"\/wp-content\/uploads\/2023\/12\/397606a4-f529-4868-956b-e4631d954454.jpg\" alt=\"\"><\/p>\n<p><!--more--><br \/>\n<!-- {\"type\":\"layout\",\"children\":[{\"name\":\"Hero\",\"type\":\"section\",\"props\":{\"animation_delay\":false,\"height\":\"percent\",\"image_effect\":\"parallax\",\"image_loading\":true,\"image_parallax_bgy\":\"-80,0\",\"image_parallax_breakpoint\":\"m\",\"image_parallax_easing\":\"1\",\"image_position\":\"center-center\",\"image_size\":\"cover\",\"image_width\":\"2560\",\"padding\":\"large\",\"padding_remove_top\":false,\"style\":\"default\",\"text_color\":\"light\",\"title_breakpoint\":\"xl\",\"title_position\":\"top-left\",\"title_rotation\":\"left\",\"vertical_align\":\"bottom\",\"width\":\"default\"},\"children\":[{\"type\":\"row\",\"children\":[{\"type\":\"column\",\"props\":{\"image_position\":\"center-center\",\"position_sticky_breakpoint\":\"m\",\"width_medium\":\"1-1\"},\"children\":[{\"type\":\"headline\",\"props\":{\"animation\":\"none\",\"content\":\"<strong>J<\\\/strong>usticia<br \\\/><strong>P<\\\/strong>az<br \\\/>e <strong>I<\\\/strong>ntegridad de la <strong>C<\\\/strong>reaci\\u00f3n\",\"maxwidth\":\"2xlarge\",\"text_align\":\"left\",\"text_align_breakpoint\":\"s\",\"text_align_fallback\":\"center\",\"title_element\":\"h1\",\"title_style\":\"heading-small\"}},{\"type\":\"image\",\"props\":{\"image\":\"wp-content\\\/uploads\\\/2024\\\/02\\\/PHOTO-2024-02-01-06-35-16.jpg\",\"image_svg_color\":\"emphasis\",\"margin\":\"default\"}}]}]}]},{\"name\":\"Divider\",\"type\":\"section\",\"props\":{\"image_position\":\"center-center\",\"style\":\"default\",\"title_breakpoint\":\"xl\",\"title_position\":\"top-left\",\"title_rotation\":\"left\",\"vertical_align\":\"\",\"width\":\"xlarge\"},\"children\":[{\"type\":\"row\",\"children\":[{\"type\":\"column\",\"props\":{\"image_position\":\"center-center\",\"position_sticky_breakpoint\":\"m\"},\"children\":[{\"type\":\"text\",\"props\":{\"column_breakpoint\":\"m\",\"content\":\"\n\n<p>\\u25cf<strong> Objetivos del equipo JPIC.<\\\/strong><br \\\/>Educar personas con capacidad cr\\u00edtica, sensibles y compasivas ante los problemas del mundo e<br \\\/>impulsar el compromiso en la b\\u00fasqueda de la justicia, la paz y la integridad de la creaci\\u00f3n.<br \\\/>\\u25cf<strong> Iniciativas del equipo JPIC.<\\\/strong><br \\\/>-Creaci\\u00f3n de un equipo de profesores implicados en la JPIC.<br \\\/>-Creaci\\u00f3n de la figura del alumnado agente JPIC (se podr\\u00eda poner alguna foto de reuni\\u00f3n con ellos).<br \\\/>-Sensibilizaci\\u00f3n, reflexi\\u00f3n y compromiso desde nuestro colegio con el bienestar de las personas y con el medio ambiente (JPIC,reciclaje, uso racional de los recursos, etc.).<br \\\/><strong>\\u25cf Aprendizaje y Servicio ApS<\\\/strong><br \\\/>Inculcar en nuestro alumnado unos valores y unas actitudes que puedan favorecer un cambio<br \\\/>positivo en la sociedad, y en el mundo que Dios nos ha dado.<br \\\/><strong>\\u00bfC\\u00f3mo hacerlo?<\\\/strong><br \\\/>Mediante una propuesta educativa que combina procesos de aprendizaje y de servicio a la<br \\\/>comunidad en un solo proyecto bien articulado donde los participantes aprenden al trabajar en necesidades reales de nuestra casa com\\u00fan con la finalidad de mejorarla.<br \\\/><strong>Elementos b\\u00e1sicos del ApS<\\\/strong><br \\\/>-La necesidad social del entorno.<br \\\/>-El servicio a la comunidad.<br \\\/>-Los aprendizajes.<br \\\/>-El trabajo en red.<\\\/p>\\n\n\n<p><strong>\\u00bfTenemos alguna experiencia solidaria que nos pueda servir como punto de partida?<\\\/strong>-Proyectos solidarios: Haregaon, Egipto, Hait\\u00ed<br \\\/>-Carrera solidaria Sagrado Coraz\\u00f3n<\\\/p>\\n\n\n<p><strong>\\u00bfQu\\u00e9 necesidad social REAL podr\\u00edamos atender?<\\\/strong><\\\/p>\\n\n\n<p>-<strong>Proyectos solidarios:<\\\/strong> Las necesidades del alumnado del colegio de Santa Teresa, de las RSCJ, en Haregaon (India). Entre otras: dar seguridad a las alumnas en su traslado diario al colegio (autob\\u00fas escolar), pensionado para familias con mayores necesidades, necesidades b\\u00e1sicas como agua potable para el consumo del alumnado (m\\u00e1quinas de agua), sufragar sueldos del profesorado y material Tic\\u2026<br \\\/>-<strong>Carrera solidaria Sagrado Coraz\\u00f3n<\\\/strong>: atender las necesidades de los ni\\u00f1os y ni\\u00f1as afectados por<br \\\/>c\\u00e1ncer, dar visibilidad a las necesidades educativas, m\\u00e9dicas, de acompa\\u00f1amiento y de integraci\\u00f3n de los afectados. Sufragar la investigaci\\u00f3n para nuevos tratamientos.<br \\\/>Ante esa necesidad \\u00bfqu\\u00e9 podr\\u00edamos hacer nosotros dentro de nuestras posibilidades y capacidades?<br \\\/>-Realizar <strong>proyectos de emprendimiento<\\\/strong> para recaudar fondos para sufragar las necesidades que nos presentan las distintas entidades con las que queremos colaborar.<\\\/p>\",\"margin\":\"default\",\"text_color\":\"secondary\",\"text_style\":\"large\"}}]}]},{\"type\":\"row\",\"props\":{\"layout\":\"1-2,1-2\"},\"children\":[{\"type\":\"column\",\"props\":{\"image_position\":\"center-center\",\"position_sticky_breakpoint\":\"m\",\"width_medium\":\"1-2\"},\"children\":[{\"type\":\"image\",\"props\":{\"image\":\"wp-content\\\/uploads\\\/2024\\\/02\\\/Captura-de-pantalla-2024-02-16-a-las-18.30.52.png\",\"image_svg_color\":\"emphasis\",\"margin\":\"default\"}}]},{\"type\":\"column\",\"props\":{\"image_position\":\"center-center\",\"position_sticky_breakpoint\":\"m\",\"width_medium\":\"1-2\"},\"children\":[{\"type\":\"image\",\"props\":{\"image\":\"wp-content\\\/uploads\\\/2024\\\/02\\\/Captura-de-pantalla-2024-02-16-a-las-18.35.23.png\",\"image_svg_color\":\"emphasis\",\"margin\":\"default\"}}]}]},{\"type\":\"row\",\"children\":[{\"type\":\"column\",\"props\":{\"image_position\":\"center-center\",\"position_sticky_breakpoint\":\"m\"},\"children\":[{\"type\":\"divider\",\"props\":{\"divider_element\":\"hr\"}}]}]},{\"type\":\"row\",\"children\":[{\"type\":\"column\",\"props\":{\"image_position\":\"center-center\",\"position_sticky_breakpoint\":\"m\"},\"children\":[{\"type\":\"text\",\"props\":{\"column_breakpoint\":\"m\",\"content\":\"\n\n<p><strong>\\u00bfQu\\u00e9 aprendizajes vamos a conseguir?<\\\/strong><br \\\/>-Dar a conocer estas realidades y tomar conciencia de que hay que estar presente en las necesidades de nuestro entorno cercano o lejano. Podemos ofrecer charlas en nuestro colegio de distintas entidades involucradas con el c\\u00e1ncer para investigar, para acompa\\u00f1ar a las familias, para ofrecer apoyo educativo, emocional o el que se precise.<\\\/p>\",\"margin\":\"default\",\"text_style\":\"large\"}}]}]},{\"type\":\"row\",\"props\":{\"layout\":\"1-3,2-3\"},\"children\":[{\"type\":\"column\",\"props\":{\"image_position\":\"center-center\",\"position_sticky_breakpoint\":\"m\",\"width_medium\":\"1-3\"},\"children\":[{\"type\":\"text\",\"props\":{\"column_breakpoint\":\"m\",\"content\":\"\n\n<h4 dir=\\\"ltr\\\" role=\\\"presentation\\\"><span>Iniciativas del equipo JPIC<\\\/span><\\\/h4>\\n\n\n<p dir=\\\"ltr\\\"><span>-Creaci\\u00f3n de un equipo de profesores implicados en la JPIC.<\\\/span><\\\/p>\\n\n\n<p dir=\\\"ltr\\\"><span>-Creaci\\u00f3n de la figura del alumnado agente JPIC<\\\/span><\\\/p>\\n\n\n<p dir=\\\"ltr\\\"><span>-Sensibilizaci\\u00f3n, reflexi\\u00f3n y compromiso desde nuestro colegio con el bienestar de las personas y con el medio ambiente (reciclaje, uso racional de los recursos, etc.).<\\\/span><\\\/p>\",\"margin\":\"default\",\"text_style\":\"large\"}}]},{\"type\":\"column\",\"props\":{\"image_position\":\"center-center\",\"position_sticky_breakpoint\":\"m\",\"width_medium\":\"2-3\"}}]},{\"type\":\"row\",\"props\":{\"layout\":\"1-3,2-3\"},\"children\":[{\"type\":\"column\",\"props\":{\"image_position\":\"center-center\",\"position_sticky_breakpoint\":\"m\",\"width_medium\":\"1-3\"},\"children\":[{\"type\":\"text\",\"props\":{\"column_breakpoint\":\"m\",\"content\":\"\n\n<p>-Hacer investigaciones sobre la realidad hoy en <strong>Haregaon<\\\/strong>, y contrastarlo con la vida de un alumno en Granada, qu\\u00e9 diferencias encuentran entre su d\\u00eda a d\\u00eda y el nuestro. Encuentros online entre el alumnado de los nuestros colegios, en idioma ingl\\u00e9s, para compartir c\\u00f3mo vivimos, cu\\u00e1les son nuestras ilusiones y sue\\u00f1os de futuro, c\\u00f3mo trabajamos por ello.<br \\\/>-Estudio de la cultura, arte, historia, econom\\u00eda, derechos de las personas y de la mujer,...<\\\/p>\",\"margin\":\"default\",\"text_style\":\"large\"}}]},{\"type\":\"column\",\"props\":{\"image_position\":\"center-center\",\"position_sticky_breakpoint\":\"m\",\"width_medium\":\"2-3\"},\"children\":[{\"type\":\"image\",\"props\":{\"image\":\"wp-content\\\/uploads\\\/2024\\\/02\\\/Captura-de-pantalla-2024-02-16-a-las-18.40.30.png\",\"image_svg_color\":\"emphasis\",\"margin\":\"default\"}}]}]},{\"type\":\"row\",\"children\":[{\"type\":\"column\",\"props\":{\"image_position\":\"center-center\",\"position_sticky_breakpoint\":\"m\",\"width_medium\":\"1-3\"},\"children\":[{\"type\":\"text\",\"props\":{\"column_breakpoint\":\"m\",\"content\":\"\n\n<h4 dir=\\\"ltr\\\">Proyectos del equipo JPIC<\\\/h4>\\n\n\n<h4 dir=\\\"ltr\\\"><span>-Proyectos propios<\\\/span><\\\/h4>\\n\n\n<p dir=\\\"ltr\\\"><span>Gesti\\u00f3n de residuos: reciclado de pilas, papel, pl\\u00e1sticos, aceite, etc.<\\\/span><\\\/p>\\n\n\n<p dir=\\\"ltr\\\"><span>Reutilizaci\\u00f3n y reducci\\u00f3n de gastos: material escolar (papel, libretas, colores), talleres de reciclado de material escolar.<\\\/span><\\\/p>\\n\n\n<p dir=\\\"ltr\\\"><span>Aprovechamiento de recursos: luces (encendido y apagado), ventanas (abiertas\\\/cerradas), cuidado del uso de grifos.<\\\/span><\\\/p>\\n\n\n<h4 dir=\\\"ltr\\\"><span>-Proyectos de la FESB<\\\/span><\\\/h4>\\n\n\n<p dir=\\\"ltr\\\"><span>Participaci\\u00f3n en los concursos internacionales propuestos por la JPIC de las RSCJ:\\u00a0 \\u201cMove our world\\u201d , el alumnado de 1\\u00ba Bachillerato realiza un v\\u00eddeo del programa de Acci\\u00f3n Social en el que trabajan, exponiendo un proyecto solidario con impacto positivo en personas vulnerables.\\u00a0<\\\/span><\\\/p>\\n\n\n<p dir=\\\"ltr\\\"><span>\\u201cConcurso de im\\u00e1genes JPIC 2023\\u201d, se trata de enviar im\\u00e1genes que ilustren los 4 imperativos JPIC <\\\/span><span>. Realizado por alumnado de la ESO.\\u00a0<\\\/span><\\\/p>\\n\n\n<h4 dir=\\\"ltr\\\"><span>-Proyectos desde otras entidades<\\\/span><\\\/h4>\\n\n\n<p dir=\\\"ltr\\\"><span>\\u201cConcurso de Clipmetrajes de Manos Unidas 2023\\u201d, nuestro alumnado de 2\\u00ba Bachillerato\\u00a0 presenta un v\\u00eddeo que visibiliza c\\u00f3mo nuestro estilo de vida refleja nuestro compromiso con el cumplimiento de los ODS, objetivos de desarrollo sostenible.<\\\/span><\\\/p>\",\"margin\":\"default\",\"text_style\":\"large\"}}]},{\"type\":\"column\",\"props\":{\"image_position\":\"center-center\",\"position_sticky_breakpoint\":\"m\",\"width_medium\":\"2-3\"},\"children\":[{\"type\":\"image\",\"props\":{\"image\":\"wp-content\\\/uploads\\\/2023\\\/12\\\/397606a4-f529-4868-956b-e4631d954454.jpg\",\"image_svg_color\":\"emphasis\",\"margin\":\"default\"}}]}],\"props\":{\"layout\":\"1-3,2-3\"}},{\"type\":\"row\",\"children\":[{\"type\":\"column\",\"props\":{\"image_position\":\"center-center\",\"position_sticky_breakpoint\":\"m\"}}]},{\"type\":\"row\",\"children\":[{\"type\":\"column\",\"props\":{\"image_position\":\"center-center\",\"position_sticky_breakpoint\":\"m\"}}]}]}],\"version\":\"4.2.11\"} --><\/p>\n","protected":false},"excerpt":{"rendered":"<p>JusticiaPaze Integridad de la Creaci\u00f3n \u25cf Objetivos del equipo JPIC.Educar personas con capacidad cr\u00edtica, sensibles y compasivas ante los problemas del mundo eimpulsar el compromiso en la b\u00fasqueda de la justicia, la paz y la integridad de la creaci\u00f3n.\u25cf Iniciativas del equipo JPIC.-Creaci\u00f3n de un equipo de profesores implicados en la JPIC.-Creaci\u00f3n de la figura [&hellip;]<\/p>\n","protected":false},"author":11,"featured_media":0,"parent":0,"menu_order":0,"comment_status":"closed","ping_status":"closed","template":"","meta":{"_seopress_robots_primary_cat":"","_seopress_titles_title":"","_seopress_titles_desc":"","_seopress_robots_index":"","footnotes":""},"class_list":["post-5639","page","type-page","status-publish","hentry"],"_links":{"self":[{"href":"https:\/\/granada.fesofiabarat.es\/index.php?rest_route=\/wp\/v2\/pages\/5639","targetHints":{"allow":["GET"]}}],"collection":[{"href":"https:\/\/granada.fesofiabarat.es\/index.php?rest_route=\/wp\/v2\/pages"}],"about":[{"href":"https:\/\/granada.fesofiabarat.es\/index.php?rest_route=\/wp\/v2\/types\/page"}],"author":[{"embeddable":true,"href":"https:\/\/granada.fesofiabarat.es\/index.php?rest_route=\/wp\/v2\/users\/11"}],"replies":[{"embeddable":true,"href":"https:\/\/granada.fesofiabarat.es\/index.php?rest_route=%2Fwp%2Fv2%2Fcomments&post=5639"}],"version-history":[{"count":57,"href":"https:\/\/granada.fesofiabarat.es\/index.php?rest_route=\/wp\/v2\/pages\/5639\/revisions"}],"predecessor-version":[{"id":6743,"href":"https:\/\/granada.fesofiabarat.es\/index.php?rest_route=\/wp\/v2\/pages\/5639\/revisions\/6743"}],"wp:attachment":[{"href":"https:\/\/granada.fesofiabarat.es\/index.php?rest_route=%2Fwp%2Fv2%2Fmedia&parent=5639"}],"curies":[{"name":"wp","href":"https:\/\/api.w.org\/{rel}","templated":true}]}}