{"id":6075,"date":"2024-01-15T14:58:19","date_gmt":"2024-01-15T14:58:19","guid":{"rendered":"https:\/\/granada.fesofiabarat.es\/?page_id=6075"},"modified":"2024-02-03T13:18:02","modified_gmt":"2024-02-03T13:18:02","slug":"borrador-automatico-3","status":"publish","type":"page","link":"https:\/\/granada.fesofiabarat.es\/?page_id=6075","title":{"rendered":"Borrador autom\u00e1tico"},"content":{"rendered":"<p><img decoding=\"async\" src=\"\/wp-content\/uploads\/2024\/01\/PHOTO-2023-09-04-10-17-51.jpg\" alt=\"\"><\/p>\n<div>\n<p><span>El colegio<strong> Sagrado Coraz\u00f3n de Granada<\/strong> est\u00e1 al servicio de la educaci\u00f3n en nuestra ciudad desde <strong>1905<\/strong>. Actualmente pertenece a la Fundaci\u00f3n Educativa Sof\u00eda Barat,\u00a0<\/span><span>constituida por la Congregaci\u00f3n de Religiosas del Sagrado Coraz\u00f3n de Jes\u00fas el 5 de marzo de 2019 como fundaci\u00f3n can\u00f3nica. Su finalidad es promover la educaci\u00f3n integral del alumnado conforme a los valores evang\u00e9licos, con fidelidad a las intuiciones educadoras de Santa Magdalena Sof\u00eda Barat y la tradici\u00f3n educativa del Sagrado Coraz\u00f3n.\u00a0<\/span><\/p>\n<p><span>Somos una comunidad educativa que se construye entre todos, se enriquece compartiendo y trabajando en equipo, al servicio de las personas. Como sellos de identidad est\u00e1n el ambiente de familia, la apertura a todas las personas y el anuncio expl\u00edcito del amor de\u00a0 Dios. \u00a0<\/span><\/p>\n<p><span>En nuestro colegio contamos con\u00a0<\/span><span>1200 alumnos y alumnas que son los grandes protagonistas de nuestra actuaci\u00f3n educativa, con 83 educadores y m\u00e1s de 700 familias.\u00a0<\/span><span>\u00a0<\/span><\/p>\n<p><span>Nuestra oferta educativa se centra en las etapas de Infantil, Primaria, ESO y Bachillerato. \u00a0Y disponemos de 2 aulas de apoyo a la integraci\u00f3n.\u00a0<\/span><\/p>\n<p><span>Fieles a nuestra tradici\u00f3n y estilo educador, cada d\u00eda aprendemos de cada experiencia, de cada encuentro y de cada persona. \u00a0<\/span><\/p>\n<\/p>\n<\/div>\n<h2><b>El organigrama del colegio de la FESB<\/b><\/h2>\n<p><img decoding=\"async\" src=\"\/wp-content\/uploads\/2024\/01\/Organigrama-del-Colegio-FESB.jpg\" alt=\"\"><\/p>\n<p><!--more--><br \/>\n<!-- {\"type\":\"layout\",\"children\":[{\"type\":\"section\",\"props\":{\"html_element\":\"article\",\"image\":\"wp-content\\\/themes\\\/yootheme\\\/packages\\\/theme\\\/assets\\\/images\\\/element-image-placeholder.png\",\"image_effect\":\"parallax\",\"image_parallax_bgy\":\"-100,0\",\"image_parallax_easing\":\"1\",\"image_position\":\"center-right\",\"image_width\":\"600\",\"media_visibility\":\"xl\",\"padding\":\"large\",\"style\":\"default\",\"title_breakpoint\":\"xl\",\"title_position\":\"top-left\",\"title_rotation\":\"left\",\"vertical_align\":\"middle\",\"width\":\"\"},\"children\":[{\"type\":\"row\",\"props\":{\"margin\":\"large\",\"width\":\"large\"},\"children\":[{\"type\":\"column\",\"props\":{\"image_position\":\"center-center\",\"position_sticky_breakpoint\":\"m\"},\"children\":[{\"type\":\"image\",\"props\":{\"image\":\"wp-content\\\/uploads\\\/2024\\\/01\\\/PHOTO-2023-09-04-10-17-51.jpg\",\"image_loading\":true,\"image_svg_color\":\"emphasis\",\"image_width\":\"1400\",\"margin\":\"default\"}}]}]},{\"type\":\"row\",\"props\":{\"width\":\"xsmall\"},\"children\":[{\"type\":\"column\",\"props\":{\"image_position\":\"center-center\",\"position_sticky_breakpoint\":\"m\"},\"children\":[{\"type\":\"text\",\"props\":{\"column_breakpoint\":\"m\",\"content\":\"\n\n<p><span>El colegio<strong> Sagrado Coraz\\u00f3n de Granada<\\\/strong> est\\u00e1 al servicio de la educaci\\u00f3n en nuestra ciudad desde <strong>1905<\\\/strong>. Actualmente pertenece a la Fundaci\\u00f3n Educativa Sof\\u00eda Barat,\\u00a0<\\\/span><span>constituida por la Congregaci\\u00f3n de Religiosas del Sagrado Coraz\\u00f3n de Jes\\u00fas el 5 de marzo de 2019 como fundaci\\u00f3n can\\u00f3nica. Su finalidad es promover la educaci\\u00f3n integral del alumnado conforme a los valores evang\\u00e9licos, con fidelidad a las intuiciones educadoras de Santa Magdalena Sof\\u00eda Barat y la tradici\\u00f3n educativa del Sagrado Coraz\\u00f3n.\\u00a0<\\\/span><\\\/p>\\n\n\n<p><span>Somos una comunidad educativa que se construye entre todos, se enriquece compartiendo y trabajando en equipo, al servicio de las personas. Como sellos de identidad est\\u00e1n el ambiente de familia, la apertura a todas las personas y el anuncio expl\\u00edcito del amor de\\u00a0 Dios. \\u00a0<\\\/span><\\\/p>\\n\n\n<p><span>En nuestro colegio contamos con\\u00a0<\\\/span><span>1200 alumnos y alumnas que son los grandes protagonistas de nuestra actuaci\\u00f3n educativa, con 83 educadores y m\\u00e1s de 700 familias.\\u00a0<\\\/span><span>\\u00a0<\\\/span><\\\/p>\\n\n\n<p><span>Nuestra oferta educativa se centra en las etapas de Infantil, Primaria, ESO y Bachillerato. \\u00a0Y disponemos de 2 aulas de apoyo a la integraci\\u00f3n.\\u00a0<\\\/span><\\\/p>\\n\n\n<p><span>Fieles a nuestra tradici\\u00f3n y estilo educador, cada d\\u00eda aprendemos de cada experiencia, de cada encuentro y de cada persona. \\u00a0<\\\/span><\\\/p>\\n\n\n<p><\\\/p>\\n\n\n<p><\\\/p>\",\"margin\":\"default\",\"text_style\":\"large\"}}]}]},{\"type\":\"row\",\"props\":{\"margin\":\"xlarge\",\"width\":\"xlarge\"},\"children\":[{\"type\":\"column\",\"props\":{\"image_position\":\"center-center\",\"position_sticky_breakpoint\":\"m\"},\"children\":[{\"type\":\"headline\",\"props\":{\"content\":\"<b>El organigrama del colegio de la FESB<\\\/b>\",\"text_align\":\"center\",\"title_element\":\"h2\",\"title_style\":\"h4\"}}]}]},{\"type\":\"row\",\"children\":[{\"type\":\"column\",\"props\":{\"image_position\":\"center-center\",\"position_sticky_breakpoint\":\"m\"},\"children\":[{\"type\":\"image\",\"props\":{\"image\":\"wp-content\\\/uploads\\\/2024\\\/01\\\/Organigrama-del-Colegio-FESB.jpg\",\"image_svg_color\":\"emphasis\",\"margin\":\"default\",\"text_align\":\"center\"}}]}]}],\"name\":\"Post\"}],\"version\":\"4.2.11\"} --><\/p>\n","protected":false},"excerpt":{"rendered":"<p>El colegio Sagrado Coraz\u00f3n de Granada est\u00e1 al servicio de la educaci\u00f3n en nuestra ciudad desde 1905. Actualmente pertenece a la Fundaci\u00f3n Educativa Sof\u00eda Barat,\u00a0constituida por la Congregaci\u00f3n de Religiosas del Sagrado Coraz\u00f3n de Jes\u00fas el 5 de marzo de 2019 como fundaci\u00f3n can\u00f3nica. Su finalidad es promover la educaci\u00f3n integral del alumnado conforme a [&hellip;]<\/p>\n","protected":false},"author":13,"featured_media":0,"parent":0,"menu_order":0,"comment_status":"closed","ping_status":"closed","template":"","meta":{"_seopress_robots_primary_cat":"","_seopress_titles_title":"","_seopress_titles_desc":"","_seopress_robots_index":"","footnotes":""},"class_list":["post-6075","page","type-page","status-publish","hentry"],"_links":{"self":[{"href":"https:\/\/granada.fesofiabarat.es\/index.php?rest_route=\/wp\/v2\/pages\/6075","targetHints":{"allow":["GET"]}}],"collection":[{"href":"https:\/\/granada.fesofiabarat.es\/index.php?rest_route=\/wp\/v2\/pages"}],"about":[{"href":"https:\/\/granada.fesofiabarat.es\/index.php?rest_route=\/wp\/v2\/types\/page"}],"author":[{"embeddable":true,"href":"https:\/\/granada.fesofiabarat.es\/index.php?rest_route=\/wp\/v2\/users\/13"}],"replies":[{"embeddable":true,"href":"https:\/\/granada.fesofiabarat.es\/index.php?rest_route=%2Fwp%2Fv2%2Fcomments&post=6075"}],"version-history":[{"count":7,"href":"https:\/\/granada.fesofiabarat.es\/index.php?rest_route=\/wp\/v2\/pages\/6075\/revisions"}],"predecessor-version":[{"id":6510,"href":"https:\/\/granada.fesofiabarat.es\/index.php?rest_route=\/wp\/v2\/pages\/6075\/revisions\/6510"}],"wp:attachment":[{"href":"https:\/\/granada.fesofiabarat.es\/index.php?rest_route=%2Fwp%2Fv2%2Fmedia&parent=6075"}],"curies":[{"name":"wp","href":"https:\/\/api.w.org\/{rel}","templated":true}]}}