{"id":6568,"date":"2024-02-07T18:39:59","date_gmt":"2024-02-07T18:39:59","guid":{"rendered":"https:\/\/granada.fesofiabarat.es\/?page_id=6568"},"modified":"2024-02-07T18:42:51","modified_gmt":"2024-02-07T18:42:51","slug":"borrador-automatico-8","status":"publish","type":"page","link":"https:\/\/granada.fesofiabarat.es\/?page_id=6568","title":{"rendered":"Borrador autom\u00e1tico"},"content":{"rendered":"<h1>Confirmaci\u00f3n<\/h1>\n<p><img decoding=\"async\" src=\"\/wp-content\/uploads\/2024\/02\/Captura-de-pantalla-2024-02-07-a-las-19.24.17.png\" alt=\"\"><\/p>\n<div>\n<p><strong>Qui\u00e9nes somos<\/strong><br \/>Los catequistas que imparten la formaci\u00f3n a este sacramento somos un equipo de antiguos alumnos y alumnas que pretenden, desde el conocimiento y ejemplo de los valores de Santa Magdalena Sof\u00eda y el car\u00e1cter propio del Sagrado Coraz\u00f3n, dar respuesta e instrucci\u00f3n a los\/as j\u00f3venes que se quieran acercar a esta experiencia religiosa. En este sacramento se fortalece y se completa la obra del Bautismo. Por este sacramento, el bautizado se fortalece con el don del Esp\u00edritu Santo.<\/p>\n<\/div>\n<p><img decoding=\"async\" src=\"\/wp-content\/uploads\/2024\/02\/Captura-de-pantalla-2024-02-07-a-las-19.27.15.png\" alt=\"\"><\/p>\n<div>\n<p><strong>Contenidos y sesiones<\/strong><br \/><strong>PRIMER NIVEL (4\u00ba ESO)<\/strong>: autoconocimiento, familia, grupo de iguales, relaci\u00f3n actual<br \/>con Dios, grupos de fe extraescolares\u2026<br \/><strong>SEGUNDO NIVEL (1\u00ba Bachillerato)<\/strong>: sacramentos (cu\u00e1les son, qu\u00e9 significa cada<br \/>uno\u2026), liturgia, sacramento de la confirmaci\u00f3n y ensayos.<br \/>En ambos niveles se realizan convivencias durante alg\u00fan fin de semana, donde compartimos din\u00e1micas, actividades y sesiones que enriquecen la formaci\u00f3n sacramental y las relaciones de grupo. Se informar\u00e1 de fechas, contenido y horarios en las reuniones de familia y circulares convenientes.<\/p>\n<\/div>\n<p><img decoding=\"async\" src=\"\/wp-content\/uploads\/2024\/02\/Captura-de-pantalla-2024-02-07-a-las-19.30.45.png\" alt=\"\"><\/p>\n<div>\n<p><strong>Formaci\u00f3n del equipo de catequistas<\/strong><br \/>El equipo de catequistas est\u00e1 tambi\u00e9n comprometido con su formaci\u00f3n y con la mejora en todos los aspectos que trabajamos, desde la fe, la lectura e interpretaci\u00f3n<br \/>del evangelio\u2026<br \/>Nuestra formaci\u00f3n como Catequistas de Confirmaci\u00f3n es CONSTANTE, y se imparte a trav\u00e9s de reuniones que tendremos de parte de los sacerdotes de la parroquia de<br \/>Montserrat y de las religiosas del Sagrado Coraz\u00f3n.<br \/>Recibiremos conocimientos sobre:<br \/>1. Conexi\u00f3n con la Biblia (Introducci\u00f3n,lectura,&#8230;)<br \/>2. Imagen de Dios<br \/>3. Volver a Jes\u00fas (Pasi\u00f3n)<br \/>4. Comunidad eclesial (Primeros cristianos)<br \/>5. Sacramentos de iniciaci\u00f3n (Introducci\u00f3n a la Eucarist\u00eda)<br \/>6. Sacramentos de iniciaci\u00f3n (Bautismo y Confirmaci\u00f3n)<\/p>\n<\/div>\n<p><img decoding=\"async\" src=\"\/wp-content\/uploads\/2024\/02\/Captura-de-pantalla-2024-02-07-a-las-19.32.11.png\" alt=\"\"><br \/>\n<img decoding=\"async\" src=\"\/wp-content\/uploads\/2024\/02\/Captura-de-pantalla-2024-02-07-a-las-19.32.26.png\" alt=\"\"><\/p>\n<div>\n<p><strong>Horario y fechas espec\u00edficas.<\/strong><br \/>La catequesis de Confirmaci\u00f3n dura 2 a\u00f1os, desde 4\u00ba de la ESO hasta final de 1\u00ba de<br \/>Bachillerato.<br \/>El horario es el siguiente: VIERNES, de 18:00 a 19:30h, aproximadamente. Las reuniones se har\u00e1n en las instalaciones del colegio.<br \/><strong>Informaci\u00f3n de inscripci\u00f3n.<\/strong><br \/>Se har\u00e1 a trav\u00e9s de un formulario de Google, que cada inicio de curso se presentar\u00e1 en la plataforma Educamos, con las instrucciones pertinentes.<\/p>\n<\/div>\n<p><!--more--><br \/>\n<!-- {\"type\":\"layout\",\"children\":[{\"type\":\"section\",\"props\":{\"image_position\":\"center-center\",\"style\":\"default\",\"title_breakpoint\":\"xl\",\"title_position\":\"top-left\",\"title_rotation\":\"left\",\"vertical_align\":\"middle\",\"width\":\"default\"},\"children\":[{\"type\":\"row\",\"children\":[{\"type\":\"column\",\"props\":{\"image_position\":\"center-center\",\"position_sticky_breakpoint\":\"m\"},\"children\":[{\"type\":\"headline\",\"props\":{\"content\":\"Confirmaci\\u00f3n\",\"title_element\":\"h1\"}}]}]},{\"type\":\"row\",\"children\":[{\"type\":\"column\",\"props\":{\"image_position\":\"center-center\",\"position_sticky_breakpoint\":\"m\"},\"children\":[{\"type\":\"image\",\"props\":{\"image\":\"wp-content\\\/uploads\\\/2024\\\/02\\\/Captura-de-pantalla-2024-02-07-a-las-19.24.17.png\",\"image_svg_color\":\"emphasis\",\"margin\":\"default\"}}]}]},{\"type\":\"row\",\"children\":[{\"type\":\"column\",\"props\":{\"image_position\":\"center-center\",\"position_sticky_breakpoint\":\"m\"},\"children\":[{\"type\":\"text\",\"props\":{\"column_breakpoint\":\"m\",\"content\":\"\n\n<p><strong>Qui\\u00e9nes somos<\\\/strong><br \\\/>Los catequistas que imparten la formaci\\u00f3n a este sacramento somos un equipo de antiguos alumnos y alumnas que pretenden, desde el conocimiento y ejemplo de los valores de Santa Magdalena Sof\\u00eda y el car\\u00e1cter propio del Sagrado Coraz\\u00f3n, dar respuesta e instrucci\\u00f3n a los\\\/as j\\u00f3venes que se quieran acercar a esta experiencia religiosa. En este sacramento se fortalece y se completa la obra del Bautismo. Por este sacramento, el bautizado se fortalece con el don del Esp\\u00edritu Santo.<\\\/p>\",\"margin\":\"default\",\"text_color\":\"secondary\",\"text_style\":\"large\"}}]}]},{\"type\":\"row\",\"children\":[{\"type\":\"column\",\"props\":{\"image_position\":\"center-center\",\"position_sticky_breakpoint\":\"m\"},\"children\":[{\"type\":\"image\",\"props\":{\"image\":\"wp-content\\\/uploads\\\/2024\\\/02\\\/Captura-de-pantalla-2024-02-07-a-las-19.27.15.png\",\"image_svg_color\":\"emphasis\",\"margin\":\"default\"}}]}]},{\"type\":\"row\",\"children\":[{\"type\":\"column\",\"props\":{\"image_position\":\"center-center\",\"position_sticky_breakpoint\":\"m\"},\"children\":[{\"type\":\"text\",\"props\":{\"column_breakpoint\":\"m\",\"content\":\"\n\n<p><strong>Contenidos y sesiones<\\\/strong><br \\\/><strong>PRIMER NIVEL (4\\u00ba ESO)<\\\/strong>: autoconocimiento, familia, grupo de iguales, relaci\\u00f3n actual<br \\\/>con Dios, grupos de fe extraescolares\\u2026<br \\\/><strong>SEGUNDO NIVEL (1\\u00ba Bachillerato)<\\\/strong>: sacramentos (cu\\u00e1les son, qu\\u00e9 significa cada<br \\\/>uno\\u2026), liturgia, sacramento de la confirmaci\\u00f3n y ensayos.<br \\\/>En ambos niveles se realizan convivencias durante alg\\u00fan fin de semana, donde compartimos din\\u00e1micas, actividades y sesiones que enriquecen la formaci\\u00f3n sacramental y las relaciones de grupo. Se informar\\u00e1 de fechas, contenido y horarios en las reuniones de familia y circulares convenientes.<\\\/p>\",\"margin\":\"default\",\"text_style\":\"large\"}}]}]},{\"type\":\"row\",\"children\":[{\"type\":\"column\",\"props\":{\"image_position\":\"center-center\",\"position_sticky_breakpoint\":\"m\"},\"children\":[{\"type\":\"image\",\"props\":{\"image\":\"wp-content\\\/uploads\\\/2024\\\/02\\\/Captura-de-pantalla-2024-02-07-a-las-19.30.45.png\",\"image_svg_color\":\"emphasis\",\"margin\":\"default\"}}]}]},{\"type\":\"row\",\"children\":[{\"type\":\"column\",\"props\":{\"image_position\":\"center-center\",\"position_sticky_breakpoint\":\"m\"},\"children\":[{\"type\":\"text\",\"props\":{\"column_breakpoint\":\"m\",\"content\":\"\n\n<p><strong>Formaci\\u00f3n del equipo de catequistas<\\\/strong><br \\\/>El equipo de catequistas est\\u00e1 tambi\\u00e9n comprometido con su formaci\\u00f3n y con la mejora en todos los aspectos que trabajamos, desde la fe, la lectura e interpretaci\\u00f3n<br \\\/>del evangelio\\u2026<br \\\/>Nuestra formaci\\u00f3n como Catequistas de Confirmaci\\u00f3n es CONSTANTE, y se imparte a trav\\u00e9s de reuniones que tendremos de parte de los sacerdotes de la parroquia de<br \\\/>Montserrat y de las religiosas del Sagrado Coraz\\u00f3n.<br \\\/>Recibiremos conocimientos sobre:<br \\\/>1. Conexi\\u00f3n con la Biblia (Introducci\\u00f3n,lectura,...)<br \\\/>2. Imagen de Dios<br \\\/>3. Volver a Jes\\u00fas (Pasi\\u00f3n)<br \\\/>4. Comunidad eclesial (Primeros cristianos)<br \\\/>5. Sacramentos de iniciaci\\u00f3n (Introducci\\u00f3n a la Eucarist\\u00eda)<br \\\/>6. Sacramentos de iniciaci\\u00f3n (Bautismo y Confirmaci\\u00f3n)<\\\/p>\",\"margin\":\"default\",\"text_style\":\"large\"}}]}]},{\"type\":\"row\",\"props\":{\"layout\":\"1-2,1-2\"},\"children\":[{\"type\":\"column\",\"props\":{\"image_position\":\"center-center\",\"position_sticky_breakpoint\":\"m\",\"width_medium\":\"1-2\"},\"children\":[{\"type\":\"image\",\"props\":{\"image\":\"wp-content\\\/uploads\\\/2024\\\/02\\\/Captura-de-pantalla-2024-02-07-a-las-19.32.11.png\",\"image_svg_color\":\"emphasis\",\"margin\":\"default\"}}]},{\"type\":\"column\",\"props\":{\"image_position\":\"center-center\",\"position_sticky_breakpoint\":\"m\",\"width_medium\":\"1-2\"},\"children\":[{\"type\":\"image\",\"props\":{\"image\":\"wp-content\\\/uploads\\\/2024\\\/02\\\/Captura-de-pantalla-2024-02-07-a-las-19.32.26.png\",\"image_svg_color\":\"emphasis\",\"margin\":\"default\"}}]}]},{\"type\":\"row\",\"children\":[{\"type\":\"column\",\"props\":{\"image_position\":\"center-center\",\"position_sticky_breakpoint\":\"m\"},\"children\":[{\"type\":\"text\",\"props\":{\"column_breakpoint\":\"m\",\"content\":\"\n\n<p><strong>Horario y fechas espec\\u00edficas.<\\\/strong><br \\\/>La catequesis de Confirmaci\\u00f3n dura 2 a\\u00f1os, desde 4\\u00ba de la ESO hasta final de 1\\u00ba de<br \\\/>Bachillerato.<br \\\/>El horario es el siguiente: VIERNES, de 18:00 a 19:30h, aproximadamente. Las reuniones se har\\u00e1n en las instalaciones del colegio.<br \\\/><strong>Informaci\\u00f3n de inscripci\\u00f3n.<\\\/strong><br \\\/>Se har\\u00e1 a trav\\u00e9s de un formulario de Google, que cada inicio de curso se presentar\\u00e1 en la plataforma Educamos, con las instrucciones pertinentes.<\\\/p>\",\"margin\":\"default\",\"text_style\":\"large\"}}]}]}]}],\"version\":\"4.2.11\"} --><\/p>\n","protected":false},"excerpt":{"rendered":"<p>Confirmaci\u00f3n Qui\u00e9nes somosLos catequistas que imparten la formaci\u00f3n a este sacramento somos un equipo de antiguos alumnos y alumnas que pretenden, desde el conocimiento y ejemplo de los valores de Santa Magdalena Sof\u00eda y el car\u00e1cter propio del Sagrado Coraz\u00f3n, dar respuesta e instrucci\u00f3n a los\/as j\u00f3venes que se quieran acercar a esta experiencia religiosa. [&hellip;]<\/p>\n","protected":false},"author":13,"featured_media":0,"parent":0,"menu_order":0,"comment_status":"closed","ping_status":"closed","template":"","meta":{"_seopress_robots_primary_cat":"","_seopress_titles_title":"","_seopress_titles_desc":"","_seopress_robots_index":"","footnotes":""},"class_list":["post-6568","page","type-page","status-publish","hentry"],"_links":{"self":[{"href":"https:\/\/granada.fesofiabarat.es\/index.php?rest_route=\/wp\/v2\/pages\/6568","targetHints":{"allow":["GET"]}}],"collection":[{"href":"https:\/\/granada.fesofiabarat.es\/index.php?rest_route=\/wp\/v2\/pages"}],"about":[{"href":"https:\/\/granada.fesofiabarat.es\/index.php?rest_route=\/wp\/v2\/types\/page"}],"author":[{"embeddable":true,"href":"https:\/\/granada.fesofiabarat.es\/index.php?rest_route=\/wp\/v2\/users\/13"}],"replies":[{"embeddable":true,"href":"https:\/\/granada.fesofiabarat.es\/index.php?rest_route=%2Fwp%2Fv2%2Fcomments&post=6568"}],"version-history":[{"count":13,"href":"https:\/\/granada.fesofiabarat.es\/index.php?rest_route=\/wp\/v2\/pages\/6568\/revisions"}],"predecessor-version":[{"id":6587,"href":"https:\/\/granada.fesofiabarat.es\/index.php?rest_route=\/wp\/v2\/pages\/6568\/revisions\/6587"}],"wp:attachment":[{"href":"https:\/\/granada.fesofiabarat.es\/index.php?rest_route=%2Fwp%2Fv2%2Fmedia&parent=6568"}],"curies":[{"name":"wp","href":"https:\/\/api.w.org\/{rel}","templated":true}]}}