{"id":6687,"date":"2024-02-13T14:55:58","date_gmt":"2024-02-13T14:55:58","guid":{"rendered":"https:\/\/granada.fesofiabarat.es\/?page_id=6687"},"modified":"2024-02-18T07:13:50","modified_gmt":"2024-02-18T07:13:50","slug":"borrador-automatico-9","status":"publish","type":"page","link":"https:\/\/granada.fesofiabarat.es\/?page_id=6687","title":{"rendered":"Borrador autom\u00e1tico"},"content":{"rendered":"<h1>Catequesis Primera Comuni\u00f3n<\/h1>\n<p><img decoding=\"async\" src=\"\/wp-content\/uploads\/2024\/02\/PHOTO-2024-02-13-12-19-22.jpg\" alt=\"\"><\/p>\n<p>\n    <a href=\"https:\/\/drive.google.com\/file\/d\/1lcffK3jPdQ-80Jko73bMspWwfSHWxzjX\/view?usp=sharing\">Capilla <\/a>\n<\/p>\n<div>\n<p><strong>A QUIEN VA DIRIGIDO:<\/strong><\/p>\n<p>Alumnos del colegio que est\u00e9n cursando 3\u00ba y 4\u00ba de Primaria.<\/p>\n<p><strong>ITINERARIO:<\/strong><\/p>\n<p>La formaci\u00f3n es impartida por catequistas que forman parte de la comunidad educativa del colegio (familias, antiguos alumnos y profesores)<br \/>La duraci\u00f3n es de dos a\u00f1os. Empieza en 3\u00ba de primaria donde el alumnado se forma para renovar las promesas del Bautismo y posteriormente continuar con la formaci\u00f3n en 4\u00ba de Primaria para celebrar el Sacramento<br \/>de la Reconciliaci\u00f3n y finalizar con la Primera Comuni\u00f3n.<\/p>\n<p><strong>METODOLOGIA:<\/strong><\/p>\n<p>\u25cf Grupos reducidos<br \/>\u25cf Material elaborado por las Religiosas de la Fundaci\u00f3n Educativa<br \/>Sofia Barat, acorde al car\u00e1cter propio de nuestro colegio.<br \/>\u25cf Din\u00e1micas grupales adaptadas a la edad de los ni\u00f1os.<br \/>\u25cf Espacios para la oraci\u00f3n, escucha y silencio.<br \/>\u25cf Conectamos con Jes\u00fas a trav\u00e9s de la m\u00fasica.<br \/>\u25cf Celebraciones en la Capilla del Colegio<\/p>\n<p><strong>OBJETIVOS:<\/strong><\/p>\n<p>OBJETIVO PRINCIPAL: Que los ni\u00f1os se enamoren de Jes\u00fas y que quieran parecerse a \u00c9l, un hombre que fue un ni\u00f1o igual que ellos. Que lo vean como alguien que forma parte de su d\u00eda a d\u00eda, alguien en quien fijarse cuando surjan las dudas y los miedos en sus cabecitas.<br \/>\u25cf Que aprendan a tener una relaci\u00f3n personal con Jes\u00fas, hablando todos los d\u00edas un rato con \u00c9l, y lo busquen por voluntad propia.<br \/>\u25cf Que se sientan parte de la Iglesia como todos los bautizados y que quieran seguir en ella renovando las promesas del Bautismo.<br \/>\u25cf Que sientan el perd\u00f3n de Jes\u00fas a trav\u00e9s del sacramento de la Reconciliaci\u00f3n.<br \/>\u25cf Que se sientan orgullosos de que Jes\u00fas les ha invitado a sentarse en su mesa y comer con \u00c9l en la Comuni\u00f3n. Aquel que se sienta en la mesa con Jes\u00fas, le cambia la vida.<\/p>\n<\/p>\n<p><strong>COMPROMISO DE LOS NI\u00d1OS:<\/strong><\/p>\n<p>\u25cf Construir un mundo mejor, al estilo de Santa Magdalena Sofia.<br \/>\u25cf Aprender a ponerse en los zapatos del otro para entender a los dem\u00e1s.<br \/>\u25cf Que todos los d\u00edas se pueden acabar diciendo \u00a1GRACIAS!<\/p>\n<p><strong>HORARIO:<\/strong><\/p>\n<p>Mi\u00e9rcoles de 16.15h a 17.30h<\/p>\n<\/div>\n<p><!--more--><br \/>\n<!-- {\"type\":\"layout\",\"children\":[{\"type\":\"section\",\"props\":{\"image_position\":\"center-center\",\"style\":\"default\",\"title_breakpoint\":\"xl\",\"title_position\":\"top-left\",\"title_rotation\":\"left\",\"vertical_align\":\"middle\",\"width\":\"default\"},\"children\":[{\"type\":\"row\",\"children\":[{\"type\":\"column\",\"props\":{\"image_position\":\"center-center\",\"position_sticky_breakpoint\":\"m\"},\"children\":[{\"type\":\"headline\",\"props\":{\"content\":\"Catequesis Primera Comuni\\u00f3n\",\"title_element\":\"h1\"}}]}]},{\"type\":\"row\",\"children\":[{\"type\":\"column\",\"props\":{\"image_position\":\"center-center\",\"position_sticky_breakpoint\":\"m\"},\"children\":[{\"type\":\"image\",\"props\":{\"image\":\"wp-content\\\/uploads\\\/2024\\\/02\\\/PHOTO-2024-02-13-12-19-22.jpg\",\"image_svg_color\":\"emphasis\",\"margin\":\"default\",\"text_align\":\"center\"}}]}]},{\"type\":\"row\",\"children\":[{\"type\":\"column\",\"props\":{\"image_position\":\"center-center\",\"position_sticky_breakpoint\":\"m\"},\"children\":[{\"type\":\"button\",\"props\":{\"grid_column_gap\":\"small\",\"grid_row_gap\":\"small\",\"margin\":\"default\"},\"children\":[{\"type\":\"button_item\",\"props\":{\"button_style\":\"default\",\"content\":\"Capilla \",\"icon_align\":\"left\",\"link\":\"https:\\\/\\\/drive.google.com\\\/file\\\/d\\\/1lcffK3jPdQ-80Jko73bMspWwfSHWxzjX\\\/view?usp=sharing\",\"link_title\":\"Primera Comuni\\u00f3n en la Capilla\"}}]}]}]},{\"type\":\"row\",\"children\":[{\"type\":\"column\",\"props\":{\"image_position\":\"center-center\",\"position_sticky_breakpoint\":\"m\"},\"children\":[{\"type\":\"text\",\"props\":{\"column_breakpoint\":\"m\",\"content\":\"\n\n<p><strong>A QUIEN VA DIRIGIDO:<\\\/strong><\\\/p>\\n\n\n<p>Alumnos del colegio que est\\u00e9n cursando 3\\u00ba y 4\\u00ba de Primaria.<\\\/p>\\n\n\n<p><strong>ITINERARIO:<\\\/strong><\\\/p>\\n\n\n<p>La formaci\\u00f3n es impartida por catequistas que forman parte de la comunidad educativa del colegio (familias, antiguos alumnos y profesores)<br \\\/>La duraci\\u00f3n es de dos a\\u00f1os. Empieza en 3\\u00ba de primaria donde el alumnado se forma para renovar las promesas del Bautismo y posteriormente continuar con la formaci\\u00f3n en 4\\u00ba de Primaria para celebrar el Sacramento<br \\\/>de la Reconciliaci\\u00f3n y finalizar con la Primera Comuni\\u00f3n.<\\\/p>\\n\n\n<p><strong>METODOLOGIA:<\\\/strong><\\\/p>\\n\n\n<p>\\u25cf Grupos reducidos<br \\\/>\\u25cf Material elaborado por las Religiosas de la Fundaci\\u00f3n Educativa<br \\\/>Sofia Barat, acorde al car\\u00e1cter propio de nuestro colegio.<br \\\/>\\u25cf Din\\u00e1micas grupales adaptadas a la edad de los ni\\u00f1os.<br \\\/>\\u25cf Espacios para la oraci\\u00f3n, escucha y silencio.<br \\\/>\\u25cf Conectamos con Jes\\u00fas a trav\\u00e9s de la m\\u00fasica.<br \\\/>\\u25cf Celebraciones en la Capilla del Colegio<\\\/p>\\n\n\n<p><strong>OBJETIVOS:<\\\/strong><\\\/p>\\n\n\n<p>OBJETIVO PRINCIPAL: Que los ni\\u00f1os se enamoren de Jes\\u00fas y que quieran parecerse a \\u00c9l, un hombre que fue un ni\\u00f1o igual que ellos. Que lo vean como alguien que forma parte de su d\\u00eda a d\\u00eda, alguien en quien fijarse cuando surjan las dudas y los miedos en sus cabecitas.<br \\\/>\\u25cf Que aprendan a tener una relaci\\u00f3n personal con Jes\\u00fas, hablando todos los d\\u00edas un rato con \\u00c9l, y lo busquen por voluntad propia.<br \\\/>\\u25cf Que se sientan parte de la Iglesia como todos los bautizados y que quieran seguir en ella renovando las promesas del Bautismo.<br \\\/>\\u25cf Que sientan el perd\\u00f3n de Jes\\u00fas a trav\\u00e9s del sacramento de la Reconciliaci\\u00f3n.<br \\\/>\\u25cf Que se sientan orgullosos de que Jes\\u00fas les ha invitado a sentarse en su mesa y comer con \\u00c9l en la Comuni\\u00f3n. Aquel que se sienta en la mesa con Jes\\u00fas, le cambia la vida.<\\\/p>\\n\n\n<p><\\\/p>\\n\n\n<p><strong>COMPROMISO DE LOS NI\\u00d1OS:<\\\/strong><\\\/p>\\n\n\n<p>\\u25cf Construir un mundo mejor, al estilo de Santa Magdalena Sofia.<br \\\/>\\u25cf Aprender a ponerse en los zapatos del otro para entender a los dem\\u00e1s.<br \\\/>\\u25cf Que todos los d\\u00edas se pueden acabar diciendo \\u00a1GRACIAS!<\\\/p>\\n\n\n<p><strong>HORARIO:<\\\/strong><\\\/p>\\n\n\n<p>Mi\\u00e9rcoles de 16.15h a 17.30h<\\\/p>\",\"margin\":\"default\",\"text_style\":\"large\"}}]}]}]}],\"version\":\"4.2.11\"} --><\/p>\n","protected":false},"excerpt":{"rendered":"<p>Catequesis Primera Comuni\u00f3n Capilla A QUIEN VA DIRIGIDO: Alumnos del colegio que est\u00e9n cursando 3\u00ba y 4\u00ba de Primaria. ITINERARIO: La formaci\u00f3n es impartida por catequistas que forman parte de la comunidad educativa del colegio (familias, antiguos alumnos y profesores)La duraci\u00f3n es de dos a\u00f1os. Empieza en 3\u00ba de primaria donde el alumnado se forma [&hellip;]<\/p>\n","protected":false},"author":13,"featured_media":0,"parent":0,"menu_order":0,"comment_status":"closed","ping_status":"closed","template":"","meta":{"_seopress_robots_primary_cat":"","_seopress_titles_title":"","_seopress_titles_desc":"","_seopress_robots_index":"","footnotes":""},"class_list":["post-6687","page","type-page","status-publish","hentry"],"_links":{"self":[{"href":"https:\/\/granada.fesofiabarat.es\/index.php?rest_route=\/wp\/v2\/pages\/6687","targetHints":{"allow":["GET"]}}],"collection":[{"href":"https:\/\/granada.fesofiabarat.es\/index.php?rest_route=\/wp\/v2\/pages"}],"about":[{"href":"https:\/\/granada.fesofiabarat.es\/index.php?rest_route=\/wp\/v2\/types\/page"}],"author":[{"embeddable":true,"href":"https:\/\/granada.fesofiabarat.es\/index.php?rest_route=\/wp\/v2\/users\/13"}],"replies":[{"embeddable":true,"href":"https:\/\/granada.fesofiabarat.es\/index.php?rest_route=%2Fwp%2Fv2%2Fcomments&post=6687"}],"version-history":[{"count":12,"href":"https:\/\/granada.fesofiabarat.es\/index.php?rest_route=\/wp\/v2\/pages\/6687\/revisions"}],"predecessor-version":[{"id":6744,"href":"https:\/\/granada.fesofiabarat.es\/index.php?rest_route=\/wp\/v2\/pages\/6687\/revisions\/6744"}],"wp:attachment":[{"href":"https:\/\/granada.fesofiabarat.es\/index.php?rest_route=%2Fwp%2Fv2%2Fmedia&parent=6687"}],"curies":[{"name":"wp","href":"https:\/\/api.w.org\/{rel}","templated":true}]}}